{"id":671,"date":"2023-09-22T19:20:45","date_gmt":"2023-09-22T17:20:45","guid":{"rendered":"https:\/\/amaniabliss.com\/?page_id=671"},"modified":"2025-06-16T14:41:20","modified_gmt":"2025-06-16T12:41:20","slug":"about-me","status":"publish","type":"page","link":"https:\/\/amaniabliss.com\/fr\/about-me\/","title":{"rendered":"Mon Histoire"},"content":{"rendered":"\n<h3 class=\"wp-block-heading has-text-align-left\">Si je devais me d\u00e9finir en deux mots : une aventureuse mystique.<\/h3>\n\n\n\n<figure class=\"wp-block-image size-large\"><img loading=\"lazy\" decoding=\"async\" width=\"1024\" height=\"683\" src=\"https:\/\/amaniabliss.com\/wp-content\/uploads\/2025\/06\/image-1-1024x683.png\" alt=\"\" class=\"wp-image-997\" srcset=\"https:\/\/amaniabliss.com\/wp-content\/uploads\/2025\/06\/image-1-1024x683.png 1024w, https:\/\/amaniabliss.com\/wp-content\/uploads\/2025\/06\/image-1-300x200.png 300w, https:\/\/amaniabliss.com\/wp-content\/uploads\/2025\/06\/image-1-768x512.png 768w, https:\/\/amaniabliss.com\/wp-content\/uploads\/2025\/06\/image-1-1536x1025.png 1536w, https:\/\/amaniabliss.com\/wp-content\/uploads\/2025\/06\/image-1-2048x1366.png 2048w, https:\/\/amaniabliss.com\/wp-content\/uploads\/2025\/06\/image-1-18x12.png 18w\" sizes=\"auto, (max-width: 1024px) 100vw, 1024px\" \/><\/figure>\n\n\n\n<p class=\"has-text-align-left\">Aujourd\u2019hui, je pratique la communication animale et je donne des soins \u00e9nerg\u00e9tiques. Pourtant, ce n\u2019est pas le chemin que j\u2019avais imagin\u00e9 au d\u00e9part. C\u2019est la vie qui m\u2019a doucement guid\u00e9e jusque-l\u00e0, \u00e0 pas feutr\u00e9s, un peu \u00e0 mon insu, mais avec une bienveillance infinie.<\/p>\n\n\n\n<p>Depuis toute petite, j\u2019ai toujours \u00e9t\u00e9 tr\u00e8s cr\u00e9ative. L\u2019\u00e9cole m\u2019ennuyait profond\u00e9ment. Alors, profitant du tumulte familial, j\u2019ai quitt\u00e9 l\u2019\u00e9cole \u00e0 16 ans pour entrer dans la vie active. Tr\u00e8s ind\u00e9pendante de nature, je tentais de tracer ma voie dans un monde incompr\u00e9hensible.<\/p>\n\n\n\n<figure class=\"wp-block-image aligncenter is-resized\"><img decoding=\"async\" src=\"http:\/\/amaniabliss.com\/wp-content\/uploads\/2018\/12\/IMG_7564-2.jpeg\" alt=\"\" style=\"aspect-ratio:16\/9;object-fit:cover;width:500px;height:undefinedpx\"\/><\/figure>\n\n\n\n<p>Un jour, sur un coup de t\u00eate, j\u2019ai d\u00e9cid\u00e9 de passer le concours des Beaux-Arts de Paris. Je n\u2019y croyais pas vraiment, et pourtant, \u00e0 la surprise g\u00e9n\u00e9rale, j\u2019ai \u00e9t\u00e9 re\u00e7ue. Aujourd\u2019hui encore, je peux dire que l\u2019art et la cr\u00e9ation m\u2019ont sauv\u00e9e. Pour la premi\u00e8re fois, je me retrouvais dans une ambiance qui me ressemblait, qui nourrissait mon \u00e2me. M\u00eame si l\u2019on me trouvait parfois \u00e9trange, cela passait \u00ab Ah, c\u2019est une artiste ! \u00bb<\/p>\n\n\n\n<p>Puis, des \u00e9v\u00e9nements \u00e9tranges ont commenc\u00e9 \u00e0 se produire. Jusqu\u2019\u00e0 ce que je sois oblig\u00e9e de chercher de l\u2019aide : mes perceptions s\u2019ouvraient, mais \u00e0 cette \u00e9poque, ma vibration m\u2019amenait \u00e0 c\u00f4toyer des choses d\u00e9rangeantes.<\/p>\n\n\n\n<p>C\u2019est \u00e0 ce moment-l\u00e0 que j\u2019ai rencontr\u00e9 Paul. Il a pris soin de moi. Et l\u00e0, ce fut comme un feu d\u2019artifice. Des expansions de conscience, des portes qui s\u2019ouvrent, et mon chemin initiatique qui commence. Je n\u2019\u00e9tais plus seule. M\u00e8re Meera m\u2019accompagnait aussi, \u00e0 travers une communication silencieuse, t\u00e9l\u00e9pathique.<\/p>\n\n\n\n<p>Je ne comprenais pas toujours ce qui m\u2019arrivait. Une part de moi trouvait cela tr\u00e8s naturel, tandis qu\u2019une autre se sentait tr\u00e8s d\u00e9stabilis\u00e9.<\/p>\n\n\n\n<p>J\u2019avais 20 ans, et tout ce qui m\u2019attirait, c\u2019\u00e9tait de partir \u00e0 la rencontre des myst\u00e8res de la vie. \u00c0 chaque destination, une pi\u00e8ce du puzzle se r\u00e9v\u00e9lait : la Polyn\u00e9sie, l\u2019Inde, la Mongolie, le Mexique. Chacun de ces lieux m\u2019a profond\u00e9ment marqu\u00e9e.&nbsp;<\/p>\n\n\n\n<p>J\u2019y retrouve des m\u00e9moires d\u2019autres vies, je reconnecte avec mon animal totem, Je me vois chaman ou gu\u00e9risseuse dans diff\u00e9rentes cultures, des vies pas toujours tr\u00e8s lumineuses. Alors, il a fallu nettoyer tout \u00e7a en profondeur.&nbsp;<\/p>\n\n\n\n<p>Puis,J\u2019ai rencontr\u00e9 Don Patricio, un \u00ab&nbsp;abuelo Huichol&nbsp;\u00bb que J\u2019ai suivi pendant trois ans, en France et au Mexique, ou j\u2019ai particip\u00e9 a un p\u00e8lerinage dans le d\u00e9sert de Viricuta. C\u2019est d\u2019ailleurs au cours de ce p\u00e8lerinage, en haut d\u2019une pyramide, que j\u2019ai v\u00e9cu une de mes plus grande exp\u00e9rience mystique.<\/p>\n\n\n\n<p>L\u2019art, les voyages, les exp\u00e9riences&#8230; tout cela \u00e9tait intense, foisonnant. Mais mon bateau ne d\u00e9collait pas. Je ramais durement en tant qu\u2019artiste. Mon d\u00e9calage avec le monde grandissait. Je ne savais pas comment m\u2019adapter. Mes histoires \u00e9taient belles, mais br\u00e8ves. Elles ne prenaient pas racine dans la mati\u00e8re.<\/p>\n\n\n\n<p class=\"has-text-align-left\">Et puis, mon p\u00e8re est mort. J\u2019avais la quarantaine. Curieusement, j\u2019ai senti que quelque chose s\u2019ouvrait. Comme un passage. Comme un cadeau. Une page se tournait, une autre pouvait s\u2019\u00e9crire. Je ne voulais plus me battre, je voulais construire.<\/p>\n\n\n\n<p class=\"has-text-align-left\">Je suis partie \u00e0 la recherche de mon lieu. Celui o\u00f9 mon \u00e2me pourrait se d\u00e9ployer pleinement. J\u2019avais besoin de nature, de vie sauvage. Et me voil\u00e0 au Costa Rica.<\/p>\n\n\n\n<figure class=\"wp-block-image size-large\"><img loading=\"lazy\" decoding=\"async\" width=\"1024\" height=\"610\" src=\"https:\/\/amaniabliss.com\/wp-content\/uploads\/2025\/06\/image-1024x610.png\" alt=\"\" class=\"wp-image-996\" srcset=\"https:\/\/amaniabliss.com\/wp-content\/uploads\/2025\/06\/image-1024x610.png 1024w, https:\/\/amaniabliss.com\/wp-content\/uploads\/2025\/06\/image-300x179.png 300w, https:\/\/amaniabliss.com\/wp-content\/uploads\/2025\/06\/image-768x458.png 768w, https:\/\/amaniabliss.com\/wp-content\/uploads\/2025\/06\/image-1536x915.png 1536w, https:\/\/amaniabliss.com\/wp-content\/uploads\/2025\/06\/image-2048x1221.png 2048w, https:\/\/amaniabliss.com\/wp-content\/uploads\/2025\/06\/image-18x12.png 18w\" sizes=\"auto, (max-width: 1024px) 100vw, 1024px\" \/><\/figure>\n\n\n\n<div class=\"wp-block-columns is-layout-flex wp-container-core-columns-is-layout-28f84493 wp-block-columns-is-layout-flex\">\n<div class=\"wp-block-column is-layout-flow wp-block-column-is-layout-flow\">\n<figure class=\"wp-block-image size-full\"><img loading=\"lazy\" decoding=\"async\" width=\"349\" height=\"592\" src=\"https:\/\/amaniabliss.com\/wp-content\/uploads\/2025\/06\/image-2.png\" alt=\"\" class=\"wp-image-998\" srcset=\"https:\/\/amaniabliss.com\/wp-content\/uploads\/2025\/06\/image-2.png 349w, https:\/\/amaniabliss.com\/wp-content\/uploads\/2025\/06\/image-2-177x300.png 177w, https:\/\/amaniabliss.com\/wp-content\/uploads\/2025\/06\/image-2-7x12.png 7w\" sizes=\"auto, (max-width: 349px) 100vw, 349px\" \/><\/figure>\n<\/div>\n\n\n\n<div class=\"wp-block-column is-layout-flow wp-block-column-is-layout-flow\">\n<p>C\u2019est un \u00ab\u00a0Bovo\u00a0\u00bb oiseau au plumage multicolore qui m\u2019a fait pass\u00e9 le message. Lors d\u2019une promenade, je me suis assise un moment, devant moi sur une roche, un rayon de soleil illuminait une plume, pos\u00e9e l\u00e0, comme une offrande. C\u2019\u00e9tait f\u00e9erique. Plus tard, j\u2019ai appris que le m\u00e2le laisse une plume pour indiquer \u00e0 la femelle o\u00f9 construire le nid. J\u2019ai \u00e9t\u00e9 boulevers\u00e9e.<\/p>\n<\/div>\n<\/div>\n\n\n\n<p>Depuis, la communication animale est devenue essentielle. Vivre au c\u0153ur de la nature m\u2019a reconnect\u00e9e \u00e0 ma propre nature : complexe, riche, pleine de myst\u00e8res, comme une for\u00eat, comme le f\u00e9minin.<\/p>\n\n\n\n<p>Et puis, il y a eu cette rencontre, \u00e0 la fois douloureuse et fondatrice : mon cheval, \u00ab&nbsp;Beso de Caramelo&nbsp;\u00bb. L\u2019un des \u00eatres les plus pr\u00e9cieux de ma vie.&nbsp;<\/p>\n\n\n\n<p>Il est tomb\u00e9 malade, soudainement et je n\u2019ai rien pu faire. J\u2019ai d\u00fb prendre la d\u00e9cision de l\u2019endormir. C\u2019\u00e9tait insoutenable, mais le voir souffrir l\u2019\u00e9tait encore plus. Je lui ai dit : \u00ab Je t\u2019accompagne. Dis-moi quand tu es pr\u00eat. \u00bb Un jour, il m\u2019a regard\u00e9e, profond\u00e9ment. Un regard triste, mais paisible : \u00ab je suis pr\u00eat. \u00bb<\/p>\n\n\n\n<p>Ce jour l\u00e0, comme par magie, un groupe d\u2019amis est venu me rendre visite. Un \u00e0 un, Beso est venu leur dire au revoir. C\u2019\u00e9tait bouleversant de beaut\u00e9. Un adieu parfait.&nbsp;<\/p>\n\n\n\n<p>Mais le jour J, rien ne s\u2019est pass\u00e9 comme pr\u00e9vu. Une erreur du v\u00e9t\u00e9rinaire, le destin, qui sait. Je n\u2019oublierais jamais se regard, cette b\u00eate si noble, couch\u00e9 sur le sol, sans doute une dose trop faible qui ne le laissait pas mourir.Son regard plong\u00e9 dans le mien, plein d\u2019incompr\u00e9hension. M\u00eame si l\u2019\u00eatre est disposer \u00e0 partir, l\u2019impulsion de vie est tellement forte, chaque seconde me brulait. J\u2019\u00e9tais d\u00e9vast\u00e9.<\/p>\n\n\n\n<p>J\u2019ai mis des mois \u00e0 m\u2019en remettre. Tiago, mon autre cheval, aussi. J\u2019avais une douleur si forte en moi que je n\u2019osais pas en parler. Qui aurait pu comprendre ?<\/p>\n\n\n\n<p>Puis est venu ce sentiment \u00e9trange, immense. Comme si j\u2019avais perdu \u00ab l\u2019homme de ma vie \u00bb. Irrationnel ? Peut-\u00eatre. Mais c\u2019est ce que j\u2019ai ressenti. Et dans cette d\u00e9chirure, quelque chose s\u2019est r\u00e9v\u00e9l\u00e9 : une capacit\u00e9 nouvelle, celle de recevoir et de contenir l\u2019amour inconditionnel. Jusqu\u2019\u00e0 faire vibrer chaque fibre de mon \u00eatre.<\/p>\n\n\n\n<p>C\u2019est ce c\u0153ur ouvert, cette coupe en expansion, que j\u2019offre aujourd\u2019hui dans mes soins. C\u2019est mon outil principal. Et ce n\u2019est que le d\u00e9but.<\/p>\n\n\n\n<h4 class=\"wp-block-heading has-text-align-center\"><a href=\"https:\/\/amaniabliss.com\/animal-communication\/\" data-type=\"page\" data-id=\"515\">\u00c0 propos de la communication animale<\/a><\/h4>\n\n\n\n<h4 class=\"wp-block-heading has-text-align-center\"><a href=\"https:\/\/amaniabliss.com\/holistic-healing\/\" data-type=\"page\" data-id=\"486\">D\u00e9couvrez ce que je peux faire pour les humains<\/a><\/h4>\n\n\n\n<h4 class=\"wp-block-heading has-text-align-center\"><a href=\"https:\/\/amaniabliss.com\/contact\/\" data-type=\"page\" data-id=\"538\">Contactez-moi directement<\/a><\/h4>\n\n\n\n<figure class=\"wp-block-embed is-type-video is-provider-youtube wp-block-embed-youtube wp-embed-aspect-16-9 wp-has-aspect-ratio\"><div class=\"wp-block-embed__wrapper\">\n<iframe loading=\"lazy\" title=\"FINCA LA PIPILACHA\" width=\"1000\" height=\"563\" src=\"https:\/\/www.youtube.com\/embed\/SzMvIEjqlyY?start=6&#038;feature=oembed\" frameborder=\"0\" allow=\"accelerometer; autoplay; clipboard-write; encrypted-media; gyroscope; picture-in-picture; web-share\" referrerpolicy=\"strict-origin-when-cross-origin\" allowfullscreen><\/iframe>\n<\/div><\/figure>\n","protected":false},"excerpt":{"rendered":"<p>Si je devais me d\u00e9finir en deux mots : une aventureuse mystique. Aujourd\u2019hui, je pratique la communication animale et je donne des soins \u00e9nerg\u00e9tiques. Pourtant, ce n\u2019est pas le chemin que j\u2019avais imagin\u00e9 au d\u00e9part. C\u2019est la vie qui m\u2019a doucement guid\u00e9e jusque-l\u00e0, \u00e0 pas feutr\u00e9s, un peu \u00e0 mon insu, mais avec une bienveillance [&hellip;]<\/p>\n","protected":false},"author":2,"featured_media":18,"parent":0,"menu_order":0,"comment_status":"closed","ping_status":"closed","template":"","meta":{"footnotes":""},"class_list":["post-671","page","type-page","status-publish","has-post-thumbnail","hentry"],"blocksy_meta":{"page_structure_type":"type-3","styles_descriptor":{"styles":{"desktop":"","tablet":"","mobile":""},"google_fonts":[],"version":6}},"_links":{"self":[{"href":"https:\/\/amaniabliss.com\/fr\/wp-json\/wp\/v2\/pages\/671","targetHints":{"allow":["GET"]}}],"collection":[{"href":"https:\/\/amaniabliss.com\/fr\/wp-json\/wp\/v2\/pages"}],"about":[{"href":"https:\/\/amaniabliss.com\/fr\/wp-json\/wp\/v2\/types\/page"}],"author":[{"embeddable":true,"href":"https:\/\/amaniabliss.com\/fr\/wp-json\/wp\/v2\/users\/2"}],"replies":[{"embeddable":true,"href":"https:\/\/amaniabliss.com\/fr\/wp-json\/wp\/v2\/comments?post=671"}],"version-history":[{"count":12,"href":"https:\/\/amaniabliss.com\/fr\/wp-json\/wp\/v2\/pages\/671\/revisions"}],"predecessor-version":[{"id":1052,"href":"https:\/\/amaniabliss.com\/fr\/wp-json\/wp\/v2\/pages\/671\/revisions\/1052"}],"wp:featuredmedia":[{"embeddable":true,"href":"https:\/\/amaniabliss.com\/fr\/wp-json\/wp\/v2\/media\/18"}],"wp:attachment":[{"href":"https:\/\/amaniabliss.com\/fr\/wp-json\/wp\/v2\/media?parent=671"}],"curies":[{"name":"wp","href":"https:\/\/api.w.org\/{rel}","templated":true}]}}