{"id":515,"date":"2023-09-19T21:35:48","date_gmt":"2023-09-19T19:35:48","guid":{"rendered":"https:\/\/amaniabliss.com\/?page_id=515"},"modified":"2025-09-19T17:23:00","modified_gmt":"2025-09-19T15:23:00","slug":"animal-communication","status":"publish","type":"page","link":"https:\/\/amaniabliss.com\/fr\/animal-communication\/","title":{"rendered":"Communication animale"},"content":{"rendered":"\n<p>La communication animale ouvre la voie \u00e0<strong> une \u00e9coute plus profonde et \u00e0 une relation enrichie<\/strong> avec votre animal de compagnie. Elle permet d\u2019entrer en lien avec lui de mani\u00e8re plus consciente, respectueuse et authentique, qu\u2019il s\u2019agisse d\u2019un chien, d\u2019un chat, d\u2019un cheval ou de tout autre \u00eatre sensible.<\/p>\n\n\n\n<p>Cette approche repose sur l&rsquo;utilisation de la t\u00e9l\u00e9pathie, de l\u2019intuition et de la compassion pour capter les messages subtils que l\u2019animal souhaite transmettre. Elle favorise la compr\u00e9hension de ses \u00e9motions, de ses besoins et de son exp\u00e9rience int\u00e9rieure,<strong> contribuant ainsi \u00e0 son bien-\u00eatre global,<\/strong> tant physique qu\u2019\u00e9motionnel.<\/p>\n\n\n\n<p>Au-del\u00e0 de l\u2019\u00e9change, cette communication r\u00e9v\u00e8le la richesse du lien qui nous unit aux animaux. Tous ceux qui vivent en leur pr\u00e9sence savent qu\u2019ils sont des messagers silencieux d\u2019une v\u00e9rit\u00e9 simple et puissante : <strong>celle de l\u2019Amour inconditionnel,<\/strong> offert sans jugement, sans attente, avec une fid\u00e9lit\u00e9 et une sagesse rares.<\/p>\n\n\n\n<div style=\"height:42px\" aria-hidden=\"true\" class=\"wp-block-spacer\"><\/div>\n\n\n\n<blockquote class=\"wp-block-quote has-text-align-center is-style-large has-small-font-size is-layout-flow wp-block-quote-is-layout-flow\">\n<p style=\"font-size:clamp(16.293px, 1.018rem + ((1vw - 3.2px) * 0.68), 25px);\"><br><em>\u00ab<\/em> On peut juger la grandeur d\u2019une nation et ses progr\u00e8s moraux par la fa\u00e7on dont elle traite les animaux.<em>\u00bb<\/em><br><\/p>\n<cite>\u2014 MAHATMA GHANDI&nbsp;<\/cite><\/blockquote>\n\n\n\n<h2 class=\"wp-block-heading\">Objectifs<\/h2>\n\n\n\n<ul class=\"wp-block-list\">\n<li>Mieux saisir son <strong>r\u00f4le spirituel ou symbolique<\/strong> dans la vie de son humain (ex : animal guide, miroir \u00e9motionnel).<\/li>\n\n\n\n<li>Comprendre les <strong>besoins profonds<\/strong> de l\u2019animal (\u00e9motionnels, physiques, psychiques).<\/li>\n\n\n\n<li>Aider \u00e0 r\u00e9soudre des <strong>comportements probl\u00e9matiques<\/strong> ou des blocages.<\/li>\n\n\n\n<li>Accompagner l\u2019animal en fin de vie ou apr\u00e8s un traumatisme.<\/li>\n\n\n\n<li>Renforcer la <strong>relation humain-animal<\/strong> dans le respect mutuel et la bienveillance.<\/li>\n<\/ul>\n\n\n\n<h2 class=\"wp-block-heading\">Le d\u00e9roulement d\u2019une s\u00e9ance<\/h2>\n\n\n\n<p>Avant notre rendez-vous, je vous invite \u00e0 pr\u00e9parer les questions que vous souhaitez poser \u00e0 votre animal. D\u2019autres questions pourront naturellement \u00e9merger pendant la s\u00e9ance.<\/p>\n\n\n\n<p>Le jour de la consultation, je vous appelle \u00e0 l\u2019heure convenue. La communication d\u00e9bute en votre pr\u00e9sence, en direct ou \u00e0 distance. Je me connecte alors \u00e0 l\u2019\u00e9nergie et \u00e0 la personnalit\u00e9 de votre animal et vous d\u00e9cris ce que je per\u00e7ois (comportement, traits de caract\u00e8re). Cela permet de confirmer que je suis bien en lien avec lui.<\/p>\n\n\n\n<p>Ensuite, je lui transmets vos questions. Les r\u00e9ponses se manifestent sous forme d\u2019images, de sensations physiques, ou de mots. Parfois, elles r\u00e9v\u00e8lent des liens avec l\u2019histoire de vie de l\u2019animal, ou avec d\u2019autres membres du foyer, humains ou animaux.<\/p>\n\n\n\n<p>Si je per\u00e7ois un probl\u00e8me de sant\u00e9 qui pourrait interf\u00e9rer dans la communication, je vous propose un soin \u00e9nerg\u00e9tique. Si le probl\u00e8me de sant\u00e9 semble majeur, je vous recommande de consulter un v\u00e9t\u00e9rinaire. La communication est un bon compl\u00e9ment mais ne remplace pas un avis m\u00e9dical.<\/p>\n\n\n\n<p>Enfin, nous \u00e9tudions ensemble les r\u00e9ponses re\u00e7ues et mettons en place des actions concr\u00e8tes pour am\u00e9liorer le bien-\u00eatre de votre animal et l\u2019harmonie dans son environnement. Les r\u00e9sultats sont souvent rapides et significatifs.<\/p>\n\n\n\n<h2 class=\"wp-block-heading\">Les informations dont j\u2019ai besoin, un jour avant notre rdv:&nbsp;<\/h2>\n\n\n\n<ul class=\"wp-block-list\">\n<li>Le nom de l\u2019animal.<\/li>\n\n\n\n<li>Son \u00e2ge (approximatif).<\/li>\n\n\n\n<li>Une photo de face et une du corps entier.<\/li>\n\n\n\n<li>La composition des membres de la famille humaine et animale avec leur nom.<\/li>\n\n\n\n<li>Une br\u00e8ve description du probl\u00e8me.<\/li>\n<\/ul>\n\n\n\n<p>Une cession dure environ 1 heure. Je propose, si n\u00e9cessaire, un suivi inclus dans la s\u00e9ance pour v\u00e9rifier que le travail soit bien mis en place et si besoin r\u00e9affirmer l\u2019information ou le soin effectu\u00e9 lors de la premi\u00e8re s\u00e9ance.&nbsp;<\/p>\n\n\n\n<div class=\"wp-block-columns is-layout-flex wp-container-core-columns-is-layout-28f84493 wp-block-columns-is-layout-flex\">\n<div class=\"wp-block-column is-layout-flow wp-block-column-is-layout-flow\">\n<figure class=\"wp-block-image size-large\"><img loading=\"lazy\" decoding=\"async\" width=\"1024\" height=\"639\" src=\"https:\/\/amaniabliss.com\/wp-content\/uploads\/2023\/09\/image-8-1024x639.png\" alt=\"\" class=\"wp-image-520\" style=\"object-fit:cover\" srcset=\"https:\/\/amaniabliss.com\/wp-content\/uploads\/2023\/09\/image-8-1024x639.png 1024w, https:\/\/amaniabliss.com\/wp-content\/uploads\/2023\/09\/image-8-300x187.png 300w, https:\/\/amaniabliss.com\/wp-content\/uploads\/2023\/09\/image-8-768x479.png 768w, https:\/\/amaniabliss.com\/wp-content\/uploads\/2023\/09\/image-8.png 1283w\" sizes=\"auto, (max-width: 1024px) 100vw, 1024px\" \/><\/figure>\n<\/div>\n\n\n\n<div class=\"wp-block-column is-layout-flow wp-block-column-is-layout-flow\">\n<figure class=\"wp-block-image size-full\"><img loading=\"lazy\" decoding=\"async\" width=\"912\" height=\"587\" src=\"https:\/\/amaniabliss.com\/wp-content\/uploads\/2023\/09\/image-9.png\" alt=\"\" class=\"wp-image-521\" style=\"object-fit:cover\" srcset=\"https:\/\/amaniabliss.com\/wp-content\/uploads\/2023\/09\/image-9.png 912w, https:\/\/amaniabliss.com\/wp-content\/uploads\/2023\/09\/image-9-300x193.png 300w, https:\/\/amaniabliss.com\/wp-content\/uploads\/2023\/09\/image-9-768x494.png 768w\" sizes=\"auto, (max-width: 912px) 100vw, 912px\" \/><\/figure>\n<\/div>\n<\/div>\n\n\n\n<h2 class=\"wp-block-heading\">Le bien-\u00eatre de votre l\u2019animal<\/h2>\n\n\n\n<div class=\"wp-block-columns is-layout-flex wp-container-core-columns-is-layout-28f84493 wp-block-columns-is-layout-flex\">\n<div class=\"wp-block-column is-layout-flow wp-block-column-is-layout-flow\" style=\"flex-basis:33.33%\">\n<figure class=\"wp-block-image size-full\"><img loading=\"lazy\" decoding=\"async\" width=\"717\" height=\"617\" src=\"https:\/\/amaniabliss.com\/wp-content\/uploads\/2023\/09\/image-11.png\" alt=\"\" class=\"wp-image-524\" srcset=\"https:\/\/amaniabliss.com\/wp-content\/uploads\/2023\/09\/image-11.png 717w, https:\/\/amaniabliss.com\/wp-content\/uploads\/2023\/09\/image-11-300x258.png 300w\" sizes=\"auto, (max-width: 717px) 100vw, 717px\" \/><\/figure>\n<\/div>\n\n\n\n<div class=\"wp-block-column is-layout-constrained wp-block-column-is-layout-constrained\" style=\"flex-basis:66.66%\">\n<p>Je peux vous conseiller pour : son alimentation, ses go\u00fbts, son comportement en g\u00e9n\u00e9ral, ses relations avec les autres animaux de la famille. Sa mission aupr\u00e8s de vous.<\/p>\n<\/div>\n<\/div>\n\n\n\n<h2 class=\"wp-block-heading\">Soins \u00c9nerg\u00e9tiques<\/h2>\n\n\n\n<div class=\"wp-block-columns is-layout-flex wp-container-core-columns-is-layout-28f84493 wp-block-columns-is-layout-flex\">\n<div class=\"wp-block-column is-layout-flow wp-block-column-is-layout-flow\" style=\"flex-basis:33.33%\">\n<figure class=\"wp-block-image size-full\"><img loading=\"lazy\" decoding=\"async\" width=\"449\" height=\"735\" src=\"https:\/\/amaniabliss.com\/wp-content\/uploads\/2023\/09\/image-12.png\" alt=\"\" class=\"wp-image-525\" srcset=\"https:\/\/amaniabliss.com\/wp-content\/uploads\/2023\/09\/image-12.png 449w, https:\/\/amaniabliss.com\/wp-content\/uploads\/2023\/09\/image-12-183x300.png 183w\" sizes=\"auto, (max-width: 449px) 100vw, 449px\" \/><\/figure>\n<\/div>\n\n\n\n<div class=\"wp-block-column is-layout-flow wp-block-column-is-layout-flow\" style=\"flex-basis:66.66%\">\n<p>Un soin \u00e9nerg\u00e9tique est parfois n\u00e9cessaire. Gr\u00e2ce \u00e0 ma capacit\u00e9 intuitive et \u00e0 une lecture fine de leur structure \u00e9nerg\u00e9tique, j\u2019interviens pour r\u00e9harmoniser ce qui peut \u00eatre perturb\u00e9 : douleurs physiques, chocs \u00e9motionnels, comportements inhabituels, fatigue inexpliqu\u00e9e.<\/p>\n\n\n\n<p>En travaillant \u00e0 ce niveau subtil, je facilite un retour \u00e0 l\u2019\u00e9quilibre, une d\u00e9tente profonde, une ouverture vers la gu\u00e9rison. Parfois mes animaux Totem ou mes guides interviennent<\/p>\n<\/div>\n<\/div>\n\n\n\n<h2 class=\"wp-block-heading\">Votre animal est pass\u00e9 de l\u2019autre c\u00f4t\u00e9 de l\u2019arc-en-ciel<\/h2>\n\n\n\n<div class=\"wp-block-columns is-layout-flex wp-container-core-columns-is-layout-28f84493 wp-block-columns-is-layout-flex\">\n<div class=\"wp-block-column is-layout-flow wp-block-column-is-layout-flow\" style=\"flex-basis:33.33%\">\n<figure class=\"wp-block-image size-large\"><img loading=\"lazy\" decoding=\"async\" width=\"1024\" height=\"516\" src=\"https:\/\/amaniabliss.com\/wp-content\/uploads\/2023\/09\/image-13-1024x516.png\" alt=\"\" class=\"wp-image-526\" srcset=\"https:\/\/amaniabliss.com\/wp-content\/uploads\/2023\/09\/image-13-1024x516.png 1024w, https:\/\/amaniabliss.com\/wp-content\/uploads\/2023\/09\/image-13-300x151.png 300w, https:\/\/amaniabliss.com\/wp-content\/uploads\/2023\/09\/image-13-768x387.png 768w, https:\/\/amaniabliss.com\/wp-content\/uploads\/2023\/09\/image-13.png 1531w\" sizes=\"auto, (max-width: 1024px) 100vw, 1024px\" \/><\/figure>\n<\/div>\n\n\n\n<div class=\"wp-block-column is-layout-flow wp-block-column-is-layout-flow\" style=\"flex-basis:66.66%\">\n<p>Avoir la possibilit\u00e9 de communiquer avec un animal d\u00e9c\u00e9d\u00e9 peut \u00eatre d\u2019un grand soutien. Cela permet parfois de mieux comprendre les causes de son d\u00e9part, ou d\u2019accueillir un \u00e9clairage sur le sens de sa transition, \u00e0 un niveau plus spirituel.&nbsp;<\/p>\n\n\n\n<p>Ces messages, subtils mais puissants, viennent souvent apaiser les doutes, la culpabilit\u00e9 et les regrets ou les questionnements laiss\u00e9s en suspens.<\/p>\n\n\n\n<p>Ce type de communication offre un v\u00e9ritable accompagnement de l\u2019humain dans son processus de deuil une mani\u00e8re douce et respectueuse d\u2019honorer le lien unique qui a exist\u00e9, et qui, d\u2019une autre fa\u00e7on, demeure encore.<\/p>\n<\/div>\n<\/div>\n\n\n\n<hr class=\"wp-block-separator has-alpha-channel-opacity is-style-default\" style=\"margin-top:var(--wp--preset--spacing--70);margin-bottom:var(--wp--preset--spacing--70)\"\/>\n\n\n\n<figure class=\"wp-block-image size-large\"><img loading=\"lazy\" decoding=\"async\" width=\"1024\" height=\"658\" src=\"https:\/\/amaniabliss.com\/wp-content\/uploads\/2023\/09\/image-14-1024x658.png\" alt=\"\" class=\"wp-image-527\" srcset=\"https:\/\/amaniabliss.com\/wp-content\/uploads\/2023\/09\/image-14-1024x658.png 1024w, https:\/\/amaniabliss.com\/wp-content\/uploads\/2023\/09\/image-14-300x193.png 300w, https:\/\/amaniabliss.com\/wp-content\/uploads\/2023\/09\/image-14-768x494.png 768w, https:\/\/amaniabliss.com\/wp-content\/uploads\/2023\/09\/image-14.png 1302w\" sizes=\"auto, (max-width: 1024px) 100vw, 1024px\" \/><\/figure>\n\n\n\n<p class=\"has-text-align-center\"><em>\u00ab&nbsp;<\/em>On n\u2019a pas deux coeurs, un pour les animaux et un pour les humains. On a un coeur ou on en a pas.<em>\u00bb<\/em> <br>-Lamartine<\/p>\n\n\n\n<div class=\"wp-block-buttons is-content-justification-center is-layout-flex wp-container-core-buttons-is-layout-a89b3969 wp-block-buttons-is-layout-flex\">\n<div class=\"wp-block-button\"><a class=\"wp-block-button__link wp-element-button\" href=\"https:\/\/amaniabliss.com\/contact\/\">R\u00e9server une s\u00e9ance<\/a><\/div>\n<\/div>\n","protected":false},"excerpt":{"rendered":"<p>La communication animale ouvre la voie \u00e0 une \u00e9coute plus profonde et \u00e0 une relation enrichie avec votre animal de compagnie. Elle permet d\u2019entrer en lien avec lui de mani\u00e8re plus consciente, respectueuse et authentique, qu\u2019il s\u2019agisse d\u2019un chien, d\u2019un chat, d\u2019un cheval ou de tout autre \u00eatre sensible. Cette approche repose sur l&rsquo;utilisation de [&hellip;]<\/p>\n","protected":false},"author":2,"featured_media":523,"parent":0,"menu_order":0,"comment_status":"closed","ping_status":"closed","template":"","meta":{"footnotes":""},"class_list":["post-515","page","type-page","status-publish","has-post-thumbnail","hentry"],"blocksy_meta":[],"_links":{"self":[{"href":"https:\/\/amaniabliss.com\/fr\/wp-json\/wp\/v2\/pages\/515","targetHints":{"allow":["GET"]}}],"collection":[{"href":"https:\/\/amaniabliss.com\/fr\/wp-json\/wp\/v2\/pages"}],"about":[{"href":"https:\/\/amaniabliss.com\/fr\/wp-json\/wp\/v2\/types\/page"}],"author":[{"embeddable":true,"href":"https:\/\/amaniabliss.com\/fr\/wp-json\/wp\/v2\/users\/2"}],"replies":[{"embeddable":true,"href":"https:\/\/amaniabliss.com\/fr\/wp-json\/wp\/v2\/comments?post=515"}],"version-history":[{"count":21,"href":"https:\/\/amaniabliss.com\/fr\/wp-json\/wp\/v2\/pages\/515\/revisions"}],"predecessor-version":[{"id":1130,"href":"https:\/\/amaniabliss.com\/fr\/wp-json\/wp\/v2\/pages\/515\/revisions\/1130"}],"wp:featuredmedia":[{"embeddable":true,"href":"https:\/\/amaniabliss.com\/fr\/wp-json\/wp\/v2\/media\/523"}],"wp:attachment":[{"href":"https:\/\/amaniabliss.com\/fr\/wp-json\/wp\/v2\/media?parent=515"}],"curies":[{"name":"wp","href":"https:\/\/api.w.org\/{rel}","templated":true}]}}