{"id":472,"date":"2023-09-19T20:43:09","date_gmt":"2023-09-19T18:43:09","guid":{"rendered":"https:\/\/amaniabliss.com\/?page_id=472"},"modified":"2025-10-01T16:33:47","modified_gmt":"2025-10-01T14:33:47","slug":"finca-la-pipilacha-animal-communication-holistic-healing","status":"publish","type":"page","link":"https:\/\/amaniabliss.com\/fr\/","title":{"rendered":"Communication Animale &amp; Soins \u00c9nerg\u00e9tiques"},"content":{"rendered":"\n<div class=\"wp-block-columns is-layout-flex wp-container-core-columns-is-layout-28f84493 wp-block-columns-is-layout-flex\">\n<div class=\"wp-block-column is-layout-flow wp-block-column-is-layout-flow\">\n<h5 class=\"wp-block-heading has-text-align-center\" style=\"text-transform:uppercase\"><a href=\"#animal-communication\">Communication AnimalE<\/a><\/h5>\n\n\n\n<p class=\"has-text-align-center\"><em>Comment aider vos animaux<\/em><\/p>\n\n\n\n<figure class=\"wp-block-image aligncenter size-full is-resized\"><img loading=\"lazy\" decoding=\"async\" width=\"567\" height=\"567\" src=\"https:\/\/amaniabliss.com\/wp-content\/uploads\/2023\/09\/image-28.png\" alt=\"\" class=\"wp-image-791\" style=\"width:undefinedpx;height:250px\" srcset=\"https:\/\/amaniabliss.com\/wp-content\/uploads\/2023\/09\/image-28.png 567w, https:\/\/amaniabliss.com\/wp-content\/uploads\/2023\/09\/image-28-300x300.png 300w, https:\/\/amaniabliss.com\/wp-content\/uploads\/2023\/09\/image-28-150x150.png 150w\" sizes=\"auto, (max-width: 567px) 100vw, 567px\" \/><\/figure>\n\n\n\n<p class=\"has-text-align-left\">Voici une <strong>belle opportunit\u00e9 <\/strong>de d\u00e9couvrir de nombreuses choses sur votre compagnon de vie. Gr\u00e2ce \u00e0 cette approche intuitive, je vous accompagne pour mieux comprendre ses besoins, ses \u00e9motions, et les \u00e9ventuels blocages qu\u2019il traverse.<br><br>Ensemble, nous pouvons <strong>r\u00e9soudre les comportements qui nuisent \u00e0 son bien-\u00eatre<\/strong>, et par extension, \u00e0 l\u2019harmonie de toute la famille. Offrez-lui, et \u00e0 vous-m\u00eame, une meilleure qualit\u00e9 de vie. <br><\/p>\n\n\n\n<p class=\"has-text-align-left\"><\/p>\n<\/div>\n\n\n\n<div class=\"wp-block-column is-layout-flow wp-block-column-is-layout-flow\">\n<h5 class=\"wp-block-heading has-text-align-center\" style=\"text-transform:uppercase\"><a href=\"#holistic-healing\">Soins \u00c9nerg\u00e9tiques<\/a><\/h5>\n\n\n\n<p class=\"has-text-align-center\"><em>Prendre soin de soi<\/em><\/p>\n\n\n\n<figure class=\"wp-block-image aligncenter size-full is-resized\"><img loading=\"lazy\" decoding=\"async\" width=\"706\" height=\"610\" src=\"https:\/\/amaniabliss.com\/wp-content\/uploads\/2023\/09\/image-29.png\" alt=\"\" class=\"wp-image-792\" style=\"width:undefinedpx;height:250px\" srcset=\"https:\/\/amaniabliss.com\/wp-content\/uploads\/2023\/09\/image-29.png 706w, https:\/\/amaniabliss.com\/wp-content\/uploads\/2023\/09\/image-29-300x259.png 300w\" sizes=\"auto, (max-width: 706px) 100vw, 706px\" \/><\/figure>\n\n\n\n<p class=\"has-text-align-left\">S\u2019engager dans un soin \u00e9nerg\u00e9tique, c\u2019est vivre une exp\u00e9rience profonde et transformante. Son efficacit\u00e9 sur les humains et les animaux est remarquable.<\/p>\n\n\n\n<p>C\u2019est une mani\u00e8re de reprendre le pouvoir sur sa sant\u00e9 et son bien-\u00eatre, en s\u2019affranchissant peu \u00e0 peu d\u2019un syst\u00e8me qui ne r\u00e9pond pas pleinement \u00e0 nos besoins.<\/p>\n\n\n\n<p class=\"has-text-align-left\">C\u2019est un acte de conscience, d\u2019autonomie et de confiance en la capacit\u00e9 naturelle du corps et de l\u2019esprit \u00e0 se r\u00e9\u00e9quilibrer.<\/p>\n<\/div>\n\n\n\n<div class=\"wp-block-column is-layout-flow wp-block-column-is-layout-flow\">\n<h5 class=\"wp-block-heading has-text-align-center\" style=\"text-transform:uppercase\"><a href=\"#finca-la-pipilacha\">Finca la Pipilacha<\/a><\/h5>\n\n\n\n<p class=\"has-text-align-center\"><em>Retraite<\/em><\/p>\n\n\n\n<figure class=\"wp-block-image aligncenter size-large is-resized\"><img loading=\"lazy\" decoding=\"async\" width=\"1024\" height=\"768\" src=\"https:\/\/amaniabliss.com\/wp-content\/uploads\/2023\/09\/image-30-1024x768.png\" alt=\"\" class=\"wp-image-794\" style=\"width:undefinedpx;height:250px\" srcset=\"https:\/\/amaniabliss.com\/wp-content\/uploads\/2023\/09\/image-30-1024x768.png 1024w, https:\/\/amaniabliss.com\/wp-content\/uploads\/2023\/09\/image-30-300x225.png 300w, https:\/\/amaniabliss.com\/wp-content\/uploads\/2023\/09\/image-30-768x576.png 768w, https:\/\/amaniabliss.com\/wp-content\/uploads\/2023\/09\/image-30-1536x1152.png 1536w, https:\/\/amaniabliss.com\/wp-content\/uploads\/2023\/09\/image-30-2048x1536.png 2048w\" sizes=\"auto, (max-width: 1024px) 100vw, 1024px\" \/><\/figure>\n\n\n\n<p>\u00ab El Ranchito \u00bb est un espace cr\u00e9\u00e9 avec amour \u00e0 La Pipilacha, d\u00e9di\u00e9 aux m\u00e9ditations guid\u00e9es et aux c\u00e9r\u00e9monies chamaniques. C\u2019est un lieu sacr\u00e9, reli\u00e9 \u00e0 la Terre et au Ciel, o\u00f9 chaque \u00e9l\u00e9ment invite \u00e0 la reconnexion int\u00e9rieure.<\/p>\n\n\n\n<p>Tout y est pens\u00e9 pour offrir un cocon de paix, propice au silence, \u00e0 la pr\u00e9sence, et \u00e0 l\u2019exploration de soi.<\/p>\n\n\n\n<p>Un espace o\u00f9 l\u2019on peut d\u00e9poser le mental, s\u2019ancrer, s\u2019ouvrir, et simplement \u00eatre.<\/p>\n<\/div>\n<\/div>\n\n\n\n<h2 class=\"wp-block-heading\" id=\"animal-communication\" style=\"text-transform:uppercase\">LA COMMUNICATION ANIMALE<\/h2>\n\n\n\n<figure class=\"wp-block-image size-large\"><img loading=\"lazy\" decoding=\"async\" width=\"1024\" height=\"638\" src=\"http:\/\/amaniabliss.com\/wp-content\/uploads\/2023\/09\/Amania-Animal-Communicator-Home-Banner-e1696520641875-1024x638.jpg\" alt=\"Amania Animal Communicator Home Banner\" class=\"wp-image-473\" srcset=\"https:\/\/amaniabliss.com\/wp-content\/uploads\/2023\/09\/Amania-Animal-Communicator-Home-Banner-e1696520641875-1024x638.jpg 1024w, https:\/\/amaniabliss.com\/wp-content\/uploads\/2023\/09\/Amania-Animal-Communicator-Home-Banner-e1696520641875-300x187.jpg 300w, https:\/\/amaniabliss.com\/wp-content\/uploads\/2023\/09\/Amania-Animal-Communicator-Home-Banner-e1696520641875-768x478.jpg 768w, https:\/\/amaniabliss.com\/wp-content\/uploads\/2023\/09\/Amania-Animal-Communicator-Home-Banner-e1696520641875.jpg 1150w\" sizes=\"auto, (max-width: 1024px) 100vw, 1024px\" \/><\/figure>\n\n\n\n<p>La communication animale est une pratique qui vise \u00e0 \u00e9tablir un<strong> lien direct, subtil et non verbal<\/strong> entre un \u00eatre humain et un animal.<\/p>\n\n\n\n<p>Elle repose sur la conviction que les <strong>animaux poss\u00e8dent une conscience, des \u00e9motions<\/strong>, et une habilet\u00e9 \u00e0 transmettre des informations au-del\u00e0 du langage physique, notamment par la t\u00e9l\u00e9pathie, l\u2019intuition et le ressenti \u00e9nerg\u00e9tique.<\/p>\n\n\n\n<p>Cette approche permet de mieux comprendre les <strong>besoins profonds<\/strong> de l\u2019animal, d&rsquo;<strong>identifier l\u2019origine de certains comportements<\/strong> perturbateurs, et de <strong>d\u00e9tecter des d\u00e9s\u00e9quilibres \u00e9motionnels ou physiques<\/strong>.<\/p>\n\n\n\n<p>Elle ouvre un espace d\u2019\u00e9coute respectueuse o\u00f9 l\u2019animal peut s\u2019exprimer depuis <strong>sa propre r\u00e9alit\u00e9 int\u00e9rieure<\/strong>, dans toute sa sensibilit\u00e9.<\/p>\n\n\n\n<p>En facilitant une communication authentique entre l\u2019animal et son humain, cette pratique renforce leur relation et favorise une <strong>coexistence plus harmonieuse<\/strong>, bas\u00e9e sur la confiance, la bienveillance et la compr\u00e9hension mutuelle.<\/p>\n\n\n\n<div class=\"wp-block-group is-nowrap is-layout-flex wp-container-core-group-is-layout-6c531013 wp-block-group-is-layout-flex\">\n<div class=\"wp-block-buttons is-layout-flex wp-block-buttons-is-layout-flex\">\n<div class=\"wp-block-button is-style-outline is-style-outline--1\"><a class=\"wp-block-button__link wp-element-button\" href=\"https:\/\/amaniabliss.com\/animal-communication\/\">Plus de d\u00e9tails<\/a><\/div>\n<\/div>\n\n\n\n<div class=\"wp-block-buttons is-horizontal is-content-justification-left is-layout-flex wp-container-core-buttons-is-layout-a86bb09c wp-block-buttons-is-layout-flex\">\n<div class=\"wp-block-button\"><a class=\"wp-block-button__link wp-element-button\" href=\"https:\/\/amaniabliss.com\/contact\/#reservations\">R\u00e9server une s\u00e9ance<\/a><\/div>\n<\/div>\n<\/div>\n\n\n\n<div class=\"wp-block-group is-layout-constrained wp-container-core-group-is-layout-ca0ee0d9 wp-block-group-is-layout-constrained\">\n<p><a href=\"https:\/\/www.youtube.com\/live\/REo1m6j18Fs?si=nFwrPpWr0q5xR1Jj\" target=\"_blank\"><br><img decoding=\"async\" style=\"width:100%; max-width:1000px;\" src=\"https:\/\/amaniabliss.com\/wp-content\/uploads\/2025\/06\/YouTube-Marie-Ange-communication-animale-par-Amania-Bliss-a-decouvrir-play-icon.jpg\" alt=\"Video Thumbnail\"><br><\/a>Dans cette vid\u00e9o, j\u2019ai eu le plaisir d\u2019\u00eatre invit\u00e9e par Marie-Ange pour partager autour de la Communication Animale. Un \u00e9change en direct, sous forme de questions-r\u00e9ponses, avec des intervenants qui m\u2019ont pos\u00e9 leurs questions spontan\u00e9ment.<\/p>\n\n\n\n<p>Un moment authentique pour d\u00e9couvrir ce qu\u2019est la Communication Animale, comment elle se pratique, et ce qu\u2019elle peut apporter \u00e0 nos compagnons et \u00e0 nous-m\u00eames.<\/p>\n<\/div>\n\n\n\n<h2 class=\"wp-block-heading\" id=\"holistic-healing\" style=\"margin-top:var(--wp--preset--spacing--70);margin-bottom:0;text-transform:uppercase\">PRENDRE SOIN DE SOI<\/h2>\n\n\n\n<h2 class=\"wp-block-heading\" style=\"margin-top:0;margin-bottom:var(--wp--preset--spacing--30)\">Th\u00e9rapies Holistiques<\/h2>\n\n\n\n<figure class=\"wp-block-image size-large\"><img loading=\"lazy\" decoding=\"async\" width=\"1024\" height=\"530\" src=\"https:\/\/amaniabliss.com\/wp-content\/uploads\/2023\/09\/image-1024x530.png\" alt=\"\" class=\"wp-image-474\" srcset=\"https:\/\/amaniabliss.com\/wp-content\/uploads\/2023\/09\/image-1024x530.png 1024w, https:\/\/amaniabliss.com\/wp-content\/uploads\/2023\/09\/image-300x155.png 300w, https:\/\/amaniabliss.com\/wp-content\/uploads\/2023\/09\/image-768x397.png 768w, https:\/\/amaniabliss.com\/wp-content\/uploads\/2023\/09\/image.png 1216w\" sizes=\"auto, (max-width: 1024px) 100vw, 1024px\" \/><\/figure>\n\n\n\n<p><strong>Tout est \u00e9nergie et information.<\/strong><br>\u00c0 travers ma capacit\u00e9 \u00e0 percevoir les d\u00e9s\u00e9quilibres subtils, <strong>j\u2019accompagne le corps dans un processus d&rsquo;harmonisation <\/strong>: r\u00e9aligner les fr\u00e9quences, reprogrammer les cellules, favoriser la d\u00e9tente, la gu\u00e9rison ou la transformation int\u00e9rieure.<\/p>\n\n\n\n<p>Je me laisse guider par les exp\u00e9riences que la vie m\u2019offre et par l\u2019exploration int\u00e9rieure. Ma compr\u00e9hension du vivant, mon \u00e9nergie et mon aptitude \u00e0 lire ce qui se joue chez l\u2019autre m\u2019ont naturellement men\u00e9e \u00e0 cr\u00e9er ma propre approche de soin.<\/p>\n\n\n\n<p>Comme une artiste face \u00e0 une page blanche, j\u2019observe la trame \u00e9nerg\u00e9tique de la personne, jusqu\u2019\u00e0 ce que le dessin apparaisse et se transforme, avec douceur et pr\u00e9cision. <strong>Toujours dans le respect profond de l\u2019\u00e2me en face de moi,<\/strong> consciente que chaque destin est sacr\u00e9 et inviolable.<\/p>\n\n\n\n<p>Prendre soin de soi est une responsabilit\u00e9, mais aussi<strong> un voyage joyeux vers soi<\/strong>. Ensemble, explorons ce que signifie \u00eatre un \u00eatre humain align\u00e9, libre et vivant.<\/p>\n\n\n\n<div class=\"wp-block-group is-nowrap is-layout-flex wp-container-core-group-is-layout-6c531013 wp-block-group-is-layout-flex\">\n<div class=\"wp-block-buttons is-layout-flex wp-block-buttons-is-layout-flex\">\n<div class=\"wp-block-button is-style-outline is-style-outline--2\"><a class=\"wp-block-button__link wp-element-button\" href=\"https:\/\/amaniabliss.com\/holistic-healing\/\">Plus de d\u00e9tails<\/a><\/div>\n<\/div>\n\n\n\n<div class=\"wp-block-buttons is-horizontal is-content-justification-left is-layout-flex wp-container-core-buttons-is-layout-a86bb09c wp-block-buttons-is-layout-flex\">\n<div class=\"wp-block-button\"><a class=\"wp-block-button__link wp-element-button\" href=\"https:\/\/amaniabliss.com\/contact\/#reservations\">R\u00e9server une s\u00e9ance<\/a><\/div>\n<\/div>\n<\/div>\n\n\n\n<h2 class=\"wp-block-heading\" id=\"finca-la-pipilacha\">FINCA LA PIPILACHA<br>Retraite<\/h2>\n\n\n\n<figure class=\"wp-block-image size-large\"><img loading=\"lazy\" decoding=\"async\" width=\"1024\" height=\"547\" src=\"https:\/\/amaniabliss.com\/wp-content\/uploads\/2023\/09\/image-1-1024x547.png\" alt=\"\" class=\"wp-image-475\" srcset=\"https:\/\/amaniabliss.com\/wp-content\/uploads\/2023\/09\/image-1-1024x547.png 1024w, https:\/\/amaniabliss.com\/wp-content\/uploads\/2023\/09\/image-1-300x160.png 300w, https:\/\/amaniabliss.com\/wp-content\/uploads\/2023\/09\/image-1-768x410.png 768w, https:\/\/amaniabliss.com\/wp-content\/uploads\/2023\/09\/image-1.png 1276w\" sizes=\"auto, (max-width: 1024px) 100vw, 1024px\" \/><\/figure>\n\n\n\n<p>Je vous offre \u00e9galement la possibilit\u00e9 de vivre une<strong> exp\u00e9rience intime en pleine nature au Costa Rica<\/strong>.:<\/p>\n\n\n\n<p>Vous aspirez \u00e0 transformer votre r\u00e9alit\u00e9 ? \u00c0 prendre soin de vous en profondeur ? \u00c0 vivre un v\u00e9ritable voyage int\u00e9rieur sous les tropiques ?<\/p>\n\n\n\n<p>Bienvenue \u00e0 la Pipilacha, au c\u0153ur du Costa Rica, une terre que j\u2019ai adopt\u00e9e il y a maintenant 15 ans.<\/p>\n\n\n\n<p>Ce lieu m\u2019a r\u00e9v\u00e9l\u00e9 \u00e0 moi-m\u00eame. Il m\u2019a transmis au fil du temps, sa magie, sa sagesse, son amour inconditionnel pour le vivant et sa formidable capacit\u00e9 d\u2019adaptation.<strong> Ici, la nature est guide, miroir et gu\u00e9risseuse.<\/strong><\/p>\n\n\n\n<p>La Pipilacha est un espace de connexion, de r\u00e9g\u00e9n\u00e9ration et de paix. <strong>Chacun y re\u00e7oit ce dont il a besoin<\/strong>, \u00e0 son rythme, dans le respect de son chemin.<\/p>\n\n\n\n<p>Je vous y accueille avec une gamme de pratiques et de soins pour vous accompagner dans votre transformation qu\u2019elle soit physique, \u00e9motionnelle, \u00e9nerg\u00e9tique ou spirituelle.<\/p>\n\n\n\n<ul class=\"wp-block-list\">\n<li>soins holistiques<\/li>\n\n\n\n<li>m\u00e9ditations guid\u00e9es<\/li>\n\n\n\n<li>connexion avec les esprits de la nature<\/li>\n\n\n\n<li>aromath\u00e9rapie intuitive<\/li>\n<\/ul>\n\n\n\n<div class=\"wp-block-buttons alignwide is-content-justification-center is-layout-flex wp-container-core-buttons-is-layout-a89b3969 wp-block-buttons-is-layout-flex\">\n<div class=\"wp-block-button\"><a class=\"wp-block-button__link has-text-align-center wp-element-button\" href=\"https:\/\/amaniabliss.com\/contact\/\">Contactez-moi<\/a><\/div>\n<\/div>\n\n\n\n<hr class=\"wp-block-separator has-alpha-channel-opacity is-style-wide\"\/>\n\n\n\n<div class=\"wp-block-group is-layout-constrained wp-container-core-group-is-layout-41c06ba8 wp-block-group-is-layout-constrained\">\n<h2 class=\"wp-block-heading has-text-align-center\">miniMedit<\/h2>\n\n\n\n<p>J\u2019ai cr\u00e9\u00e9 cette s\u00e9rie \u00ab miniMedit \u00bb : de petites m\u00e9ditations accessibles \u00e0 toutes et \u00e0 tous. Chacune dure moins de deux minutes, mais elle contient la force d\u2019un instant sacr\u00e9.<\/p>\n\n\n\n<p>Elles sont un refuge pour celles et ceux qui se trouvent au milieu du chaos quotidien, dans une situation d\u2019urgence ou dans un endroit peu propice au silence.\u00c0 tout moment, tu peux t\u2019arr\u00eater et t\u2019offrir une bouff\u00e9e de paix\u2026 m\u00eame si le monde continue de tourner.<\/p>\n\n\n\n<p>\u00ab MiniMedit \u00bb est une invitation \u00e0 revenir au centre, \u00e0 te rappeler que le calme vit toujours en toi.<\/p>\n\n\n\n<p><em>En espagnol ; sous-titres automatiques en fran\u00e7ais disponibles<\/em><\/p>\n\n\n\n<figure class=\"wp-block-embed is-type-video is-provider-youtube wp-block-embed-youtube wp-embed-aspect-16-9 wp-has-aspect-ratio\"><div class=\"wp-block-embed__wrapper\">\n<iframe loading=\"lazy\" title=\"Espuma\" width=\"1000\" height=\"563\" src=\"https:\/\/www.youtube.com\/embed\/6KcdQxU1Nxc?list=PLf9x33u5LU3ym4CWm-6P1A9klMx5TwoK9\" frameborder=\"0\" allow=\"accelerometer; autoplay; clipboard-write; encrypted-media; gyroscope; picture-in-picture; web-share\" referrerpolicy=\"strict-origin-when-cross-origin\" allowfullscreen><\/iframe>\n<\/div><\/figure>\n<\/div>\n","protected":false},"excerpt":{"rendered":"<p>Communication AnimalE Comment aider vos animaux Voici une belle opportunit\u00e9 de d\u00e9couvrir de nombreuses choses sur votre compagnon de vie. Gr\u00e2ce \u00e0 cette approche intuitive, je vous accompagne pour mieux comprendre ses besoins, ses \u00e9motions, et les \u00e9ventuels blocages qu\u2019il traverse. Ensemble, nous pouvons r\u00e9soudre les comportements qui nuisent \u00e0 son bien-\u00eatre, et par extension, [&hellip;]<\/p>\n","protected":false},"author":2,"featured_media":676,"parent":0,"menu_order":0,"comment_status":"closed","ping_status":"closed","template":"","meta":{"footnotes":""},"class_list":["post-472","page","type-page","status-publish","has-post-thumbnail","hentry"],"blocksy_meta":{"has_hero_section":"default","hero_section":"type-2","hero_elements":[{"id":"custom_title","enabled":true,"heading_tag":"h1","title":"Home","__id":"OsaCnr0Zp5o5zPTZvTSVk"},{"id":"custom_description","enabled":true,"description_visibility":{"desktop":true,"tablet":true,"mobile":false},"__id":"BpKV-KWYdNsZSTej3cGgp"},{"id":"custom_meta","enabled":false,"meta_elements":[{"id":"author","enabled":true,"label":"By","has_author_avatar":"yes","avatar_size":25},{"id":"post_date","enabled":true,"label":"On","date_format_source":"default","date_format":"M j, Y"},{"id":"updated_date","enabled":false,"label":"On","date_format_source":"default","date_format":"M j, Y"},{"id":"categories","enabled":false,"label":"In","style":"simple"},{"id":"comments","enabled":true}],"page_meta_elements":{"joined":true,"articles_count":true,"comments":true},"__id":"cQfZF57vqRgbgbTvDjwDN"},{"id":"breadcrumbs","enabled":false,"__id":"jkhIF5b_aoo1e4XrYP1GJ"}],"pageTitleOverlay":{"background_type":"color","background_pattern":"type-1","background_image":{"attachment_id":null,"x":0,"y":0},"gradient":"linear-gradient(135deg,rgba(6,147,227,1) 0%,rgb(155,81,224) 100%)","background_repeat":"repeat","background_size":"auto","background_attachment":"scroll","patternColor":{"default":{"color":"#e5e7ea"}},"overlayColor":{"default":{"color":"CT_CSS_SKIP_RULE"}},"backgroundColor":{"default":{"color":"rgba(18, 20, 26, 0.14)"}}},"pageTitleFont":{"family":"Default","variation":"Default","size":{"desktop":"49px","tablet":"49px","mobile":"49px","__changed":["mobile"]},"line-height":"CT_CSS_SKIP_RULE","letter-spacing":"CT_CSS_SKIP_RULE","text-transform":"CT_CSS_SKIP_RULE","text-decoration":"CT_CSS_SKIP_RULE"},"hero_height":{"desktop":"600px","tablet":"600px","mobile":"250px","__changed":["mobile"]}},"_links":{"self":[{"href":"https:\/\/amaniabliss.com\/fr\/wp-json\/wp\/v2\/pages\/472","targetHints":{"allow":["GET"]}}],"collection":[{"href":"https:\/\/amaniabliss.com\/fr\/wp-json\/wp\/v2\/pages"}],"about":[{"href":"https:\/\/amaniabliss.com\/fr\/wp-json\/wp\/v2\/types\/page"}],"author":[{"embeddable":true,"href":"https:\/\/amaniabliss.com\/fr\/wp-json\/wp\/v2\/users\/2"}],"replies":[{"embeddable":true,"href":"https:\/\/amaniabliss.com\/fr\/wp-json\/wp\/v2\/comments?post=472"}],"version-history":[{"count":87,"href":"https:\/\/amaniabliss.com\/fr\/wp-json\/wp\/v2\/pages\/472\/revisions"}],"predecessor-version":[{"id":1152,"href":"https:\/\/amaniabliss.com\/fr\/wp-json\/wp\/v2\/pages\/472\/revisions\/1152"}],"wp:featuredmedia":[{"embeddable":true,"href":"https:\/\/amaniabliss.com\/fr\/wp-json\/wp\/v2\/media\/676"}],"wp:attachment":[{"href":"https:\/\/amaniabliss.com\/fr\/wp-json\/wp\/v2\/media?parent=472"}],"curies":[{"name":"wp","href":"https:\/\/api.w.org\/{rel}","templated":true}]}}