{"id":671,"date":"2023-09-22T19:20:45","date_gmt":"2023-09-22T17:20:45","guid":{"rendered":"https:\/\/amaniabliss.com\/?page_id=671"},"modified":"2025-06-16T14:41:20","modified_gmt":"2025-06-16T12:41:20","slug":"about-me","status":"publish","type":"page","link":"https:\/\/amaniabliss.com\/es\/about-me\/","title":{"rendered":"Mi Historia"},"content":{"rendered":"<h3 class=\"wp-block-heading has-text-align-left\">Si tuviera que definirme en dos palabras: <strong>una aventurera m\u00edstica.<\/strong><\/h3>\n\n\n\n<figure class=\"wp-block-image size-large\"><img loading=\"lazy\" decoding=\"async\" width=\"1024\" height=\"683\" src=\"https:\/\/amaniabliss.com\/wp-content\/uploads\/2025\/06\/image-1-1024x683.png\" alt=\"\" class=\"wp-image-997\" srcset=\"https:\/\/amaniabliss.com\/wp-content\/uploads\/2025\/06\/image-1-1024x683.png 1024w, https:\/\/amaniabliss.com\/wp-content\/uploads\/2025\/06\/image-1-300x200.png 300w, https:\/\/amaniabliss.com\/wp-content\/uploads\/2025\/06\/image-1-768x512.png 768w, https:\/\/amaniabliss.com\/wp-content\/uploads\/2025\/06\/image-1-1536x1025.png 1536w, https:\/\/amaniabliss.com\/wp-content\/uploads\/2025\/06\/image-1-2048x1366.png 2048w, https:\/\/amaniabliss.com\/wp-content\/uploads\/2025\/06\/image-1-18x12.png 18w\" sizes=\"auto, (max-width: 1024px) 100vw, 1024px\" \/><\/figure>\n\n\n\n<p class=\"has-text-align-left\">Hoy practico <strong>la comunicaci\u00f3n animal y ofrezco sanaciones energ\u00e9ticas.<\/strong> Sin embargo, este no era el camino que hab\u00eda imaginado al principio. Fue la vida la que me fue guiando suavemente hasta aqu\u00ed, paso a paso, casi sin darme cuenta, pero con una infinita benevolencia.<\/p>\n\n\n\n<p>Desde ni\u00f1a, siempre fui muy creativa. La escuela me aburr\u00eda profundamente. As\u00ed que, aprovechando el tumulto familiar, dej\u00e9 la escuela a los 16 a\u00f1os para entrar en la vida activa. Muy independiente por naturaleza, intentaba abrirme camino en un mundo incomprensible.<\/p>\n\n\n\n<figure class=\"wp-block-image aligncenter is-resized\"><img decoding=\"async\" src=\"http:\/\/amaniabliss.com\/wp-content\/uploads\/2018\/12\/IMG_7564-2.jpeg\" alt=\"\" style=\"aspect-ratio:16\/9;object-fit:cover;width:500px;height:undefinedpx\"\/><\/figure>\n\n\n\n<p>Un d\u00eda, por impulso, decid\u00ed presentarme al examen de ingreso de la Escuela de Bellas Artes de Par\u00eds. No cre\u00eda realmente que lo lograr\u00eda, y para sorpresa de todos, fui aceptada. A\u00fan hoy puedo decir que <strong>el arte y la creaci\u00f3n me salvaron.<\/strong> Por primera vez, me encontraba en un ambiente que se parec\u00eda a m\u00ed, que nutr\u00eda mi alma. Aunque a veces me consideraban extra\u00f1a, se aceptaba: \u201cAh, \u00a1es una artista!\u201d<\/p>\n\n\n\n<p>Luego comenzaron a ocurrir hechos extra\u00f1os. Hasta que me vi obligada a buscar ayuda: mis percepciones se estaban abriendo, pero en esa \u00e9poca mi vibraci\u00f3n me llevaba a toparme con cosas perturbadoras.<\/p>\n\n\n\n<p>Fue entonces cuando conoc\u00ed a Paul. \u00c9l cuid\u00f3 de m\u00ed. Y entonces fue como un fuego artificial. <strong>Expansiones de conciencia, puertas que se abr\u00edan, y mi camino inici\u00e1tico comenzando.<\/strong> Ya no estaba sola. <strong>Madre Meera tambi\u00e9n me acompa\u00f1aba, a trav\u00e9s de una comunicaci\u00f3n silenciosa, telep\u00e1tica.<\/strong><\/p>\n\n\n\n<p>No siempre entend\u00eda lo que me pasaba. Una parte de m\u00ed lo encontraba muy natural, mientras que otra se sent\u00eda muy desestabilizada.<\/p>\n\n\n\n<p>Ten\u00eda 20 a\u00f1os, y lo \u00fanico que me atra\u00eda era ir al encuentro de los misterios de la vida. En cada destino, una pieza del rompecabezas se revelaba: <strong>Polinesia, India, Mongolia, M\u00e9xico.<\/strong> Cada uno de esos lugares me marc\u00f3 profundamente.&nbsp;<\/p>\n\n\n\n<p>\u2028<strong>All\u00ed reencontraba memorias de otras vidas,<\/strong> reconectaba con mi animal de poder. Me ve\u00eda como shamana o sanadora en distintas culturas, en vidas no siempre luminosas. Y entonces fue necesario limpiar todo eso en profundidad.&nbsp;<\/p>\n\n\n\n<p>Luego conoc\u00ed a <strong>Don Patricio, un \u201cabuelo Huichol,\u201d<\/strong> a quien segu\u00ed durante tres a\u00f1os, en Francia y en M\u00e9xico, donde particip\u00e9 en una peregrinaci\u00f3n en el desierto de Wirikuta. Fue durante esa peregrinaci\u00f3n, en lo alto de una pir\u00e1mide, donde viv\u00ed una de mis m\u00e1s grandes experiencias m\u00edsticas.<\/p>\n\n\n\n<p><strong>El arte, los viajes, las experiencias\u2026 todo era intenso, abundante.<\/strong> Pero mi barco no despegaba. Remaba duramente como artista. Mi desajuste con el mundo crec\u00eda. No sab\u00eda c\u00f3mo adaptarme. Mis relaciones amorosas eran bellas, pero breves. No echaban ra\u00edces en la materia.<\/p>\n\n\n\n<p class=\"has-text-align-left\">Y luego, mi padre muri\u00f3. Yo ten\u00eda poco m\u00e1s de cuarenta a\u00f1os. Curiosamente, sent\u00ed que algo se abr\u00eda. Como un pasaje. Como un regalo. Una p\u00e1gina se cerraba, otra pod\u00eda escribirse. Ya no quer\u00eda luchar, quer\u00eda construir.<\/p>\n\n\n\n<p class=\"has-text-align-left\"><strong>Part\u00ed en busca de mi lugar. Aquel donde mi alma pudiera desplegarse plenamente.<\/strong> Necesitaba naturaleza, vida salvaje. Y aqu\u00ed estoy, en Costa Rica.<\/p>\n\n\n\n<figure class=\"wp-block-image size-large\"><img loading=\"lazy\" decoding=\"async\" width=\"1024\" height=\"610\" src=\"https:\/\/amaniabliss.com\/wp-content\/uploads\/2025\/06\/image-1024x610.png\" alt=\"\" class=\"wp-image-996\" srcset=\"https:\/\/amaniabliss.com\/wp-content\/uploads\/2025\/06\/image-1024x610.png 1024w, https:\/\/amaniabliss.com\/wp-content\/uploads\/2025\/06\/image-300x179.png 300w, https:\/\/amaniabliss.com\/wp-content\/uploads\/2025\/06\/image-768x458.png 768w, https:\/\/amaniabliss.com\/wp-content\/uploads\/2025\/06\/image-1536x915.png 1536w, https:\/\/amaniabliss.com\/wp-content\/uploads\/2025\/06\/image-2048x1221.png 2048w, https:\/\/amaniabliss.com\/wp-content\/uploads\/2025\/06\/image-18x12.png 18w\" sizes=\"auto, (max-width: 1024px) 100vw, 1024px\" \/><\/figure>\n\n\n\n<div class=\"wp-block-columns is-layout-flex wp-container-core-columns-is-layout-28f84493 wp-block-columns-is-layout-flex\">\n<div class=\"wp-block-column is-layout-flow wp-block-column-is-layout-flow\">\n<figure class=\"wp-block-image size-full\"><img loading=\"lazy\" decoding=\"async\" width=\"349\" height=\"592\" src=\"https:\/\/amaniabliss.com\/wp-content\/uploads\/2025\/06\/image-2.png\" alt=\"\" class=\"wp-image-998\" srcset=\"https:\/\/amaniabliss.com\/wp-content\/uploads\/2025\/06\/image-2.png 349w, https:\/\/amaniabliss.com\/wp-content\/uploads\/2025\/06\/image-2-177x300.png 177w, https:\/\/amaniabliss.com\/wp-content\/uploads\/2025\/06\/image-2-7x12.png 7w\" sizes=\"auto, (max-width: 349px) 100vw, 349px\" \/><\/figure>\n<\/div>\n\n\n\n<div class=\"wp-block-column is-layout-flow wp-block-column-is-layout-flow\">\n<p><strong>Fue un \u201cBovo,\u201d un ave de plumaje multicolor, quien me dio el mensaje.<\/strong> Un d\u00eda, durante una caminata, me sent\u00e9 un momento. Frente a m\u00ed, sobre una roca, un rayo de sol iluminaba una pluma, colocada all\u00ed como una ofrenda. Fue m\u00e1gico. M\u00e1s tarde supe que el macho deja una pluma para indicar a la hembra d\u00f3nde construir el nido. Me conmovi\u00f3 profundamente.<\/p>\n<\/div>\n<\/div>\n\n\n\n<p><strong>Desde entonces, la comunicaci\u00f3n animal se volvi\u00f3 esencial. <\/strong> Vivir en el coraz\u00f3n de la naturaleza me reconect\u00f3 con mi propia naturaleza: compleja, rica, llena de misterios, como un bosque, como lo femenino.<\/p>\n\n\n\n<p>Y luego lleg\u00f3 este encuentro, a la vez doloroso y fundacional: <strong>mi caballo, \u201cBeso de Caramelo.\u201d Uno de los seres m\u00e1s preciosos de mi vida.<\/strong>\u2028&nbsp;<\/p>\n\n\n\n<p>Cay\u00f3 enfermo de repente, y no pude hacer nada. Tuve que tomar la decisi\u00f3n de dormirlo. Era insoportable, pero verlo sufrir lo era a\u00fan m\u00e1s. Le dije: \u201cTe acompa\u00f1o. Dime cu\u00e1ndo est\u00e9s listo.\u201d Un d\u00eda me mir\u00f3 profundamente. Una mirada triste pero serena: \u201cEstoy listo.\u201d<\/p>\n\n\n\n<p>Ese d\u00eda, como por magia, un grupo de amigos vino a visitarme. Uno por uno, Beso fue a despedirse de ellos. Fue desgarrador en su belleza. Una despedida perfecta.&nbsp;<\/p>\n\n\n\n<p>Pero el d\u00eda se\u00f1alado, nada sali\u00f3 como estaba previsto. Un error del veterinario, el destino, qui\u00e9n sabe. Nunca olvidar\u00e9 esa mirada, ese animal tan noble tendido en el suelo, quiz\u00e1 con una dosis demasiado d\u00e9bil que no lo dejaba partir. Sus ojos clavados en los m\u00edos, llenos de incomprensi\u00f3n. Incluso cuando el ser est\u00e1 dispuesto a marcharse, el impulso de vida es tan fuerte\u2026 cada segundo me quemaba. Estaba devastada.<\/p>\n\n\n\n<p>Me tom\u00f3 meses recuperarme. Tambi\u00e9n a Tiago, mi otro caballo. Llevaba un dolor tan grande dentro de m\u00ed que no me atrev\u00eda a hablar de ello. \u00bfQui\u00e9n podr\u00eda haberlo entendido?<\/p>\n\n\n\n<p>\u2028<strong>Luego lleg\u00f3 este sentimiento extra\u00f1o, inmenso. Como si hubiera perdido \u201cal hombre de mi vida.\u201d<\/strong> \u00bfIrracional? Tal vez. Pero eso fue lo que sent\u00ed. Y en esa herida, algo se revel\u00f3: una nueva capacidad, la de recibir y contener el amor incondicional. Hasta hacer vibrar cada fibra de mi ser.<\/p>\n\n\n\n<p><strong>Es este coraz\u00f3n abierto, esta copa en expansi\u00f3n, lo que ofrezco hoy en mis cuidados. Es mi herramienta principal. Y esto es solo el comienzo.<\/strong><\/p>\n\n\n\n<h4 class=\"wp-block-heading has-text-align-center\"><a href=\"https:\/\/amaniabliss.com\/es\/animal-communication\/\" data-type=\"page\" data-id=\"515\">\u00c0 propos de la communication animale<\/a><\/h4>\n\n\n\n<h4 class=\"wp-block-heading has-text-align-center\"><a href=\"https:\/\/amaniabliss.com\/es\/holistic-healing\/\" data-type=\"page\" data-id=\"486\">D\u00e9couvrez ce que je peux faire pour les humains<\/a><\/h4>\n\n\n\n<h4 class=\"wp-block-heading has-text-align-center\"><a href=\"https:\/\/amaniabliss.com\/es\/contact\/\" data-type=\"page\" data-id=\"538\">Contactez-moi directement<\/a><\/h4>\n\n\n\n<figure class=\"wp-block-embed is-type-video is-provider-youtube wp-block-embed-youtube wp-embed-aspect-16-9 wp-has-aspect-ratio\"><div class=\"wp-block-embed__wrapper\">\n<iframe loading=\"lazy\" title=\"FINCA LA PIPILACHA\" width=\"1000\" height=\"563\" src=\"https:\/\/www.youtube.com\/embed\/SzMvIEjqlyY?start=6&#038;feature=oembed\" frameborder=\"0\" allow=\"accelerometer; autoplay; clipboard-write; encrypted-media; gyroscope; picture-in-picture; web-share\" referrerpolicy=\"strict-origin-when-cross-origin\" allowfullscreen><\/iframe>\n<\/div><\/figure>","protected":false},"excerpt":{"rendered":"<p>Si je devais me d\u00e9finir en deux mots : une aventureuse mystique. Aujourd\u2019hui, je pratique la communication animale et je donne des soins \u00e9nerg\u00e9tiques. Pourtant, ce n\u2019est pas le chemin que j\u2019avais imagin\u00e9 au d\u00e9part. C\u2019est la vie qui m\u2019a doucement guid\u00e9e jusque-l\u00e0, \u00e0 pas feutr\u00e9s, un peu \u00e0 mon insu, mais avec une bienveillance [&hellip;]<\/p>","protected":false},"author":2,"featured_media":18,"parent":0,"menu_order":0,"comment_status":"closed","ping_status":"closed","template":"","meta":{"footnotes":""},"class_list":["post-671","page","type-page","status-publish","has-post-thumbnail","hentry"],"blocksy_meta":{"page_structure_type":"type-3","styles_descriptor":{"styles":{"desktop":"","tablet":"","mobile":""},"google_fonts":[],"version":6}},"_links":{"self":[{"href":"https:\/\/amaniabliss.com\/es\/wp-json\/wp\/v2\/pages\/671","targetHints":{"allow":["GET"]}}],"collection":[{"href":"https:\/\/amaniabliss.com\/es\/wp-json\/wp\/v2\/pages"}],"about":[{"href":"https:\/\/amaniabliss.com\/es\/wp-json\/wp\/v2\/types\/page"}],"author":[{"embeddable":true,"href":"https:\/\/amaniabliss.com\/es\/wp-json\/wp\/v2\/users\/2"}],"replies":[{"embeddable":true,"href":"https:\/\/amaniabliss.com\/es\/wp-json\/wp\/v2\/comments?post=671"}],"version-history":[{"count":12,"href":"https:\/\/amaniabliss.com\/es\/wp-json\/wp\/v2\/pages\/671\/revisions"}],"predecessor-version":[{"id":1052,"href":"https:\/\/amaniabliss.com\/es\/wp-json\/wp\/v2\/pages\/671\/revisions\/1052"}],"wp:featuredmedia":[{"embeddable":true,"href":"https:\/\/amaniabliss.com\/es\/wp-json\/wp\/v2\/media\/18"}],"wp:attachment":[{"href":"https:\/\/amaniabliss.com\/es\/wp-json\/wp\/v2\/media?parent=671"}],"curies":[{"name":"wp","href":"https:\/\/api.w.org\/{rel}","templated":true}]}}