{"id":538,"date":"2023-09-19T21:54:17","date_gmt":"2023-09-19T19:54:17","guid":{"rendered":"https:\/\/amaniabliss.com\/?page_id=538"},"modified":"2025-09-20T20:32:27","modified_gmt":"2025-09-20T18:32:27","slug":"contact","status":"publish","type":"page","link":"https:\/\/amaniabliss.com\/es\/contact\/","title":{"rendered":"Contacto y reservaci\u00f3n"},"content":{"rendered":"<div class=\"wp-block-group is-layout-constrained wp-block-group-is-layout-constrained\">\n<h2 class=\"wp-block-heading has-text-align-center\" id=\"reservations\">Reservar una sesi\u00f3n<\/h2>\n\n\n\n<!-- D\u00e9but de widget en ligne Calendly -->\n<div class=\"calendly-inline-widget\" data-url=\"https:\/\/calendly.com\/fincapipilacha\/30min?hide_gdpr_banner=1&#038;primary_color=65acea\" style=\"min-width:320px;height:700px;\"><\/div>\n<script type=\"text\/javascript\" src=\"https:\/\/assets.calendly.com\/assets\/external\/widget.js\" async><\/script>\n<!-- Fin de widget en ligne Calendly -->\n<\/div>\n\n\n\n<h3 class=\"wp-block-heading has-text-align-center translation-block\">\u00bfLe gustar\u00eda saber m\u00e1s, hacer una pregunta o reservar una cita?\u2028Con mucho gusto le responder\u00e9 y le acompa\u00f1ar\u00e9.\u2028 Aqu\u00ed tiene mis datos de contacto:<\/h3>\n\n\n\n<figure class=\"wp-block-image aligncenter size-full is-resized\"><img loading=\"lazy\" decoding=\"async\" width=\"417\" height=\"372\" src=\"https:\/\/amaniabliss.com\/wp-content\/uploads\/2023\/09\/contact-me.jpg\" alt=\"\" class=\"wp-image-633\" style=\"width:315px;height:auto\" srcset=\"https:\/\/amaniabliss.com\/wp-content\/uploads\/2023\/09\/contact-me.jpg 417w, https:\/\/amaniabliss.com\/wp-content\/uploads\/2023\/09\/contact-me-300x268.jpg 300w\" sizes=\"auto, (max-width: 417px) 100vw, 417px\" \/><\/figure>\n\n\n\n<hr class=\"wp-block-separator has-text-color has-palette-color-2-color has-alpha-channel-opacity has-palette-color-2-background-color has-background is-style-wide\"\/>\n\n\n\n<div class=\"wp-block-columns is-layout-flex wp-container-core-columns-is-layout-28f84493 wp-block-columns-is-layout-flex\">\n<div class=\"wp-block-column is-layout-flow wp-block-column-is-layout-flow\" style=\"flex-basis:50%\">\n<h2 class=\"wp-block-heading\">Amania<\/h2>\n\n\n\n<h3 class=\"wp-block-heading\">Puede contactarme en franc\u00e9s, espa\u00f1ol, ingl\u00e9s o italiano.<\/h3>\n\n\n\n<h3 class=\"wp-block-heading\">Tel.+506 8416 8463<br>(WhatsApp &#8211; Telegram &#8211; Signal)<\/h3>\n\n\n\n<h3 class=\"wp-block-heading\">Email<br><a rel=\"noreferrer noopener\" href=\"mailto:fincapipilacha@gmail.com\" target=\"_blank\">fincapipilacha@gmail.com<\/a><\/h3>\n\n\n\n<h3 class=\"wp-block-heading\">Youtube<br><a href=\"https:\/\/www.youtube.com\/channel\/UCwo3FALiW5Voi8uDzVkbunQ\">https:\/\/www.youtube.com\/channel\/UCwo3FALiW5Voi8uDzVkbunQ<\/a><\/h3>\n\n\n\n<h3 class=\"wp-block-heading\">Instagram<br><a href=\"https:\/\/www.instagram.com\/comunicacionanimalcostarica\/\" data-type=\"link\" data-id=\"https:\/\/www.instagram.com\/comunicacionanimalcostarica\/\" target=\"_blank\" rel=\"noreferrer noopener\">https:\/\/www.instagram.com\/comunicacionanimalcostarica\/<\/a><\/h3>\n\n\n\n<h3 class=\"wp-block-heading\">Facebook<br><a href=\"https:\/\/www.facebook.com\/fincapipilacha\" target=\"_blank\" rel=\"noreferrer noopener\">https:\/\/www.facebook.com\/fincapipilacha<\/a><\/h3>\n<\/div>\n\n\n\n<div class=\"wp-block-column is-layout-flow wp-block-column-is-layout-flow\" style=\"flex-basis:50%\">\n<figure class=\"wp-block-image alignfull size-full\"><img loading=\"lazy\" decoding=\"async\" width=\"780\" height=\"960\" src=\"https:\/\/amaniabliss.com\/wp-content\/uploads\/2023\/09\/image-15.png\" alt=\"\" class=\"wp-image-541\" srcset=\"https:\/\/amaniabliss.com\/wp-content\/uploads\/2023\/09\/image-15.png 780w, https:\/\/amaniabliss.com\/wp-content\/uploads\/2023\/09\/image-15-244x300.png 244w, https:\/\/amaniabliss.com\/wp-content\/uploads\/2023\/09\/image-15-768x945.png 768w\" sizes=\"auto, (max-width: 780px) 100vw, 780px\" \/><\/figure>\n<\/div>\n<\/div>\n\n\n\n<div class=\"wp-block-group is-layout-constrained wp-block-group-is-layout-constrained\" style=\"border-top-color:var(--wp--preset--color--palette-color-1);border-top-width:2px;border-right-style:none;border-right-width:0px;border-bottom-color:var(--wp--preset--color--palette-color-1);border-bottom-width:2px;border-left-style:none;border-left-width:0px;margin-top:var(--wp--preset--spacing--50);margin-bottom:var(--wp--preset--spacing--50);padding-top:var(--wp--preset--spacing--40);padding-bottom:var(--wp--preset--spacing--40)\">\n<h2 class=\"wp-block-heading has-text-align-center\">Ubicaci\u00f3n<\/h2>\n\n\n\n<h3 class=\"wp-block-heading has-text-align-center\">Finca la pipilacha<br>Miramar de Puntarenas, <br>Monte de Oro, Costa Rica<\/h3>\n<\/div>\n\n\n\n<p><\/p>","protected":false},"excerpt":{"rendered":"<p>R\u00e9server une s\u00e9ance Vous avez des questions ? Ou vous souhaitez prendre un RDV ?N\u2019h\u00e9sitez pas \u00e0 me contacter comme suit. Amania Je parle Fran\u00e7ais &#8211; Espagnol &#8211; Anglais Tel.+506 8416 8463(WhatsApp &#8211; Telegram &#8211; Signal) Emailfincapipilacha@gmail.com Youtubehttps:\/\/www.youtube.com\/channel\/UCwo3FALiW5Voi8uDzVkbunQ Instagramhttps:\/\/www.instagram.com\/comunicacionanimalcostarica\/ Facebookhttps:\/\/www.facebook.com\/fincapipilacha Lieu Finca la PipilachaMiramar de Puntarenas, Monte de Oro, Costa Rica<\/p>","protected":false},"author":2,"featured_media":214,"parent":0,"menu_order":0,"comment_status":"closed","ping_status":"closed","template":"","meta":{"footnotes":""},"class_list":["post-538","page","type-page","status-publish","has-post-thumbnail","hentry"],"blocksy_meta":[],"_links":{"self":[{"href":"https:\/\/amaniabliss.com\/es\/wp-json\/wp\/v2\/pages\/538","targetHints":{"allow":["GET"]}}],"collection":[{"href":"https:\/\/amaniabliss.com\/es\/wp-json\/wp\/v2\/pages"}],"about":[{"href":"https:\/\/amaniabliss.com\/es\/wp-json\/wp\/v2\/types\/page"}],"author":[{"embeddable":true,"href":"https:\/\/amaniabliss.com\/es\/wp-json\/wp\/v2\/users\/2"}],"replies":[{"embeddable":true,"href":"https:\/\/amaniabliss.com\/es\/wp-json\/wp\/v2\/comments?post=538"}],"version-history":[{"count":50,"href":"https:\/\/amaniabliss.com\/es\/wp-json\/wp\/v2\/pages\/538\/revisions"}],"predecessor-version":[{"id":1150,"href":"https:\/\/amaniabliss.com\/es\/wp-json\/wp\/v2\/pages\/538\/revisions\/1150"}],"wp:featuredmedia":[{"embeddable":true,"href":"https:\/\/amaniabliss.com\/es\/wp-json\/wp\/v2\/media\/214"}],"wp:attachment":[{"href":"https:\/\/amaniabliss.com\/es\/wp-json\/wp\/v2\/media?parent=538"}],"curies":[{"name":"wp","href":"https:\/\/api.w.org\/{rel}","templated":true}]}}