{"id":515,"date":"2023-09-19T21:35:48","date_gmt":"2023-09-19T19:35:48","guid":{"rendered":"https:\/\/amaniabliss.com\/?page_id=515"},"modified":"2025-09-19T17:23:00","modified_gmt":"2025-09-19T15:23:00","slug":"animal-communication","status":"publish","type":"page","link":"https:\/\/amaniabliss.com\/es\/animal-communication\/","title":{"rendered":"Comunicaci\u00f3n animal"},"content":{"rendered":"<p class=\"translation-block\">La comunicaci\u00f3n animal abre el camino hacia una escucha m\u00e1s profunda y una relaci\u00f3n m\u00e1s enriquecida con tu compa\u00f1ero de vida. <strong>Permite conectar con \u00e9l de una manera m\u00e1s consciente,<\/strong> respetuosa y aut\u00e9ntica, ya sea un perro, un gato, un caballo o cualquier otro ser sensible.<\/p>\n\n\n\n<p class=\"translation-block\">Este enfoque se basa en el uso de la telepat\u00eda, la intuici\u00f3n y la compasi\u00f3n para captar los mensajes sutiles que el animal desea transmitir. Favorece la comprensi\u00f3n de sus emociones, de sus necesidades y de su experiencia interior, <strong>contribuyendo as\u00ed a su bienestar global, tanto f\u00edsico como emocional.<\/strong><\/p>\n\n\n\n<p class=\"translation-block\">M\u00e1s all\u00e1 del intercambio, esta comunicaci\u00f3n revela la riqueza del v\u00ednculo que nos une a los animales. <strong>Todos los que viven en su presencia saben que son mensajeros silenciosos de una verdad simple y poderosa: la del Amor incondicional,<\/strong> ofrecido sin juicio, sin expectativas, con una fidelidad y una sabidur\u00eda poco comunes.<\/p>\n\n\n\n<div style=\"height:42px\" aria-hidden=\"true\" class=\"wp-block-spacer\"><\/div>\n\n\n\n<blockquote class=\"wp-block-quote has-text-align-center is-style-large has-small-font-size is-layout-flow wp-block-quote-is-layout-flow\">\n<p style=\"font-size:clamp(16.293px, 1.018rem + ((1vw - 3.2px) * 0.68), 25px);\" class=\"translation-block\"><br><em>\u00ab<\/em>La grandeza de una naci\u00f3n y su progreso moral pueden juzgarse por la forma en que trata a los animales.<em>\u00bb<\/em><br><\/p>\n<cite>\u2014 MAHATMA GHANDI&nbsp;<\/cite><\/blockquote>\n\n\n\n<h2 class=\"wp-block-heading\">Objetivos<\/h2>\n\n\n\n<ul class=\"wp-block-list\">\n<li class=\"translation-block\">Comprender las necesidades profundas del animal (emocionales, f\u00edsicas, ps\u00edquicas).<\/li>\n\n\n\n<li class=\"translation-block\">Ayudar a resolver comportamientos problem\u00e1ticos o bloqueos.<\/li>\n\n\n\n<li class=\"translation-block\">Acompa\u00f1ar al animal en el final de su vida o despu\u00e9s de un trauma.<\/li>\n\n\n\n<li>Fortalecer la relaci\u00f3n humano-animal en el respeto mutuo y la benevolencia.<\/li>\n\n\n\n<li class=\"translation-block\">Comprender mejor su papel espiritual o simb\u00f3lico en la vida de su humano (ej.: animal gu\u00eda, espejo emocional).<\/li>\n<\/ul>\n\n\n\n<h2 class=\"wp-block-heading\">El desarrollo de una sesi\u00f3n<\/h2>\n\n\n\n<p>Antes de nuestra cita, te invito a preparar las preguntas que quieras hacerle a tu animal. Otras preguntas pueden surgir de manera natural durante la sesi\u00f3n.<\/p>\n\n\n\n<p>El d\u00eda de la consulta, te llamo a la hora acordada. La comunicaci\u00f3n comienza en tu presencia, ya sea en directo o a distancia. <strong>Me conecto con la energ\u00eda y la personalidad de tu animal y te describo lo que percibo<\/strong> (comportamiento, rasgos de car\u00e1cter). Esto permite confirmar que efectivamente estoy en conexi\u00f3n con \u00e9l.<\/p>\n\n\n\n<p>Luego le transmito tus preguntas. Las respuestas se manifiestan en forma de im\u00e1genes, sensaciones f\u00edsicas o palabras. A veces revelan v\u00ednculos con la historia de vida del animal, o con otros miembros del hogar, humanos o animales.<\/p>\n\n\n\n<p>Si percibo un problema de salud que pudiera interferir en la comunicaci\u00f3n, te propongo una sesi\u00f3n de sanaci\u00f3n energ\u00e9tica. Si el problema de salud parece mayor, te recomiendo consultar a un veterinario. La comunicaci\u00f3n es un complemento valioso, pero a veces no reemplaza la opini\u00f3n m\u00e9dica.<\/p>\n\n\n\n<p>Finalmente, estudiamos juntos las respuestas recibidas y ponemos en marcha acciones concretas para mejorar el bienestar de tu animal y la armon\u00eda en su entorno. <strong>Los resultados suelen ser r\u00e1pidos y significativos.<\/strong><\/p>\n\n\n\n<h2 class=\"wp-block-heading\">Informaci\u00f3n que necesito (un d\u00eda antes de la cita)&nbsp;<\/h2>\n\n\n\n<ul class=\"wp-block-list\">\n<li>El nombre del animal<\/li>\n\n\n\n<li>Su edad (aproximada)<\/li>\n\n\n\n<li>Solamente <strong>Una foto<\/strong> de su cara y otra de su cuerpo entero<\/li>\n\n\n\n<li>La composici\u00f3n de los miembros de la familia humana y animal, con sus nombres<\/li>\n\n\n\n<li>Una breve descripci\u00f3n del problema<\/li>\n<\/ul>\n\n\n\n<p>Una sesi\u00f3n dura aproximadamente 1 hora. Si es necesario, incluyo un seguimiento para asegurarme de que el trabajo se haya integrado y, si hace falta, reafirmar la informaci\u00f3n o la sanaci\u00f3n realizada en la primera sesi\u00f3n.&nbsp;<\/p>\n\n\n\n<div class=\"wp-block-columns is-layout-flex wp-container-core-columns-is-layout-28f84493 wp-block-columns-is-layout-flex\">\n<div class=\"wp-block-column is-layout-flow wp-block-column-is-layout-flow\">\n<figure class=\"wp-block-image size-large\"><img loading=\"lazy\" decoding=\"async\" width=\"1024\" height=\"639\" src=\"https:\/\/amaniabliss.com\/wp-content\/uploads\/2023\/09\/image-8-1024x639.png\" alt=\"\" class=\"wp-image-520\" style=\"object-fit:cover\" srcset=\"https:\/\/amaniabliss.com\/wp-content\/uploads\/2023\/09\/image-8-1024x639.png 1024w, https:\/\/amaniabliss.com\/wp-content\/uploads\/2023\/09\/image-8-300x187.png 300w, https:\/\/amaniabliss.com\/wp-content\/uploads\/2023\/09\/image-8-768x479.png 768w, https:\/\/amaniabliss.com\/wp-content\/uploads\/2023\/09\/image-8.png 1283w\" sizes=\"auto, (max-width: 1024px) 100vw, 1024px\" \/><\/figure>\n<\/div>\n\n\n\n<div class=\"wp-block-column is-layout-flow wp-block-column-is-layout-flow\">\n<figure class=\"wp-block-image size-full\"><img loading=\"lazy\" decoding=\"async\" width=\"912\" height=\"587\" src=\"https:\/\/amaniabliss.com\/wp-content\/uploads\/2023\/09\/image-9.png\" alt=\"\" class=\"wp-image-521\" style=\"object-fit:cover\" srcset=\"https:\/\/amaniabliss.com\/wp-content\/uploads\/2023\/09\/image-9.png 912w, https:\/\/amaniabliss.com\/wp-content\/uploads\/2023\/09\/image-9-300x193.png 300w, https:\/\/amaniabliss.com\/wp-content\/uploads\/2023\/09\/image-9-768x494.png 768w\" sizes=\"auto, (max-width: 912px) 100vw, 912px\" \/><\/figure>\n<\/div>\n<\/div>\n\n\n\n<h2 class=\"wp-block-heading\">El bienestar de tu animal<\/h2>\n\n\n\n<div class=\"wp-block-columns is-layout-flex wp-container-core-columns-is-layout-28f84493 wp-block-columns-is-layout-flex\">\n<div class=\"wp-block-column is-layout-flow wp-block-column-is-layout-flow\" style=\"flex-basis:33.33%\">\n<figure class=\"wp-block-image size-full\"><img loading=\"lazy\" decoding=\"async\" width=\"717\" height=\"617\" src=\"https:\/\/amaniabliss.com\/wp-content\/uploads\/2023\/09\/image-11.png\" alt=\"\" class=\"wp-image-524\" srcset=\"https:\/\/amaniabliss.com\/wp-content\/uploads\/2023\/09\/image-11.png 717w, https:\/\/amaniabliss.com\/wp-content\/uploads\/2023\/09\/image-11-300x258.png 300w\" sizes=\"auto, (max-width: 717px) 100vw, 717px\" \/><\/figure>\n<\/div>\n\n\n\n<div class=\"wp-block-column is-layout-constrained wp-block-column-is-layout-constrained\" style=\"flex-basis:66.66%\">\n<p>Puedo aconsejarte sobre: su alimentaci\u00f3n, sus gustos, su comportamiento en general, sus relaciones con otros animales de la familia y su misi\u00f3n a tu lado si es el caso.<\/p>\n<\/div>\n<\/div>\n\n\n\n<h2 class=\"wp-block-heading\">Terapias energ\u00e9ticas<\/h2>\n\n\n\n<div class=\"wp-block-columns is-layout-flex wp-container-core-columns-is-layout-28f84493 wp-block-columns-is-layout-flex\">\n<div class=\"wp-block-column is-layout-flow wp-block-column-is-layout-flow\" style=\"flex-basis:33.33%\">\n<figure class=\"wp-block-image size-full\"><img loading=\"lazy\" decoding=\"async\" width=\"449\" height=\"735\" src=\"https:\/\/amaniabliss.com\/wp-content\/uploads\/2023\/09\/image-12.png\" alt=\"\" class=\"wp-image-525\" srcset=\"https:\/\/amaniabliss.com\/wp-content\/uploads\/2023\/09\/image-12.png 449w, https:\/\/amaniabliss.com\/wp-content\/uploads\/2023\/09\/image-12-183x300.png 183w\" sizes=\"auto, (max-width: 449px) 100vw, 449px\" \/><\/figure>\n<\/div>\n\n\n\n<div class=\"wp-block-column is-layout-flow wp-block-column-is-layout-flow\" style=\"flex-basis:66.66%\">\n<p>A veces una sanaci\u00f3n energ\u00e9tica es necesaria. Gracias a mi capacidad intuitiva y a una lectura fina de su estructura energ\u00e9tica, intervengo para armonizar lo que pueda estar perturbado: dolores f\u00edsicos, choques emocionales, comportamientos inusuales, fatiga inexplicada.<\/p>\n\n\n\n<p>Actuando en este nivel sutil, <strong>facilito un retorno al equilibrio, una relajaci\u00f3n profunda y una apertura hacia la sanaci\u00f3n.<\/strong> A veces intervienen mis animales T\u00f3tem o mis gu\u00edas.<\/p>\n<\/div>\n<\/div>\n\n\n\n<h2 class=\"wp-block-heading\">Cuando tu animal ha cruzado el puente del arco\u00edris<\/h2>\n\n\n\n<div class=\"wp-block-columns is-layout-flex wp-container-core-columns-is-layout-28f84493 wp-block-columns-is-layout-flex\">\n<div class=\"wp-block-column is-layout-flow wp-block-column-is-layout-flow\" style=\"flex-basis:33.33%\">\n<figure class=\"wp-block-image size-large\"><img loading=\"lazy\" decoding=\"async\" width=\"1024\" height=\"516\" src=\"https:\/\/amaniabliss.com\/wp-content\/uploads\/2023\/09\/image-13-1024x516.png\" alt=\"\" class=\"wp-image-526\" srcset=\"https:\/\/amaniabliss.com\/wp-content\/uploads\/2023\/09\/image-13-1024x516.png 1024w, https:\/\/amaniabliss.com\/wp-content\/uploads\/2023\/09\/image-13-300x151.png 300w, https:\/\/amaniabliss.com\/wp-content\/uploads\/2023\/09\/image-13-768x387.png 768w, https:\/\/amaniabliss.com\/wp-content\/uploads\/2023\/09\/image-13.png 1531w\" sizes=\"auto, (max-width: 1024px) 100vw, 1024px\" \/><\/figure>\n<\/div>\n\n\n\n<div class=\"wp-block-column is-layout-flow wp-block-column-is-layout-flow\" style=\"flex-basis:66.66%\">\n<p>Tener la posibilidad de comunicarte con un animal que ha fallecido puede ser un gran apoyo. Ayuda a comprender mejor las razones de su partida y, al mismo tiempo, a recibir una luz sobre el sentido de su transici\u00f3n en un nivel m\u00e1s espiritual.&nbsp;<\/p>\n\n\n\n<p><strong>Estos mensajes sutiles pero poderosos suelen traer alivio frente a dudas, culpas, remordimientos o preguntas sin respuesta.<\/strong><\/p>\n\n\n\n<p>Este tipo de comunicaci\u00f3n ofrece un verdadero acompa\u00f1amiento al humano en su proceso de duelo, <strong>una manera suave y respetuosa de honrar el v\u00ednculo \u00fanico que existi\u00f3 y que, de otra forma, a\u00fan permanece.<\/strong><\/p>\n<\/div>\n<\/div>\n\n\n\n<hr class=\"wp-block-separator has-alpha-channel-opacity is-style-default\" style=\"margin-top:var(--wp--preset--spacing--70);margin-bottom:var(--wp--preset--spacing--70)\"\/>\n\n\n\n<figure class=\"wp-block-image size-large\"><img loading=\"lazy\" decoding=\"async\" width=\"1024\" height=\"658\" src=\"https:\/\/amaniabliss.com\/wp-content\/uploads\/2023\/09\/image-14-1024x658.png\" alt=\"\" class=\"wp-image-527\" srcset=\"https:\/\/amaniabliss.com\/wp-content\/uploads\/2023\/09\/image-14-1024x658.png 1024w, https:\/\/amaniabliss.com\/wp-content\/uploads\/2023\/09\/image-14-300x193.png 300w, https:\/\/amaniabliss.com\/wp-content\/uploads\/2023\/09\/image-14-768x494.png 768w, https:\/\/amaniabliss.com\/wp-content\/uploads\/2023\/09\/image-14.png 1302w\" sizes=\"auto, (max-width: 1024px) 100vw, 1024px\" \/><\/figure>\n\n\n\n<p class=\"has-text-align-center\"><em>\u00ab&nbsp;<\/em>No tenemos dos corazones, uno para los animales y otro para los humanos. Tenemos un coraz\u00f3n, o no lo tenemos.<em>\u00bb<\/em> <br>-Lamartine<\/p>\n\n\n\n<div class=\"wp-block-buttons is-content-justification-center is-layout-flex wp-container-core-buttons-is-layout-a89b3969 wp-block-buttons-is-layout-flex\">\n<div class=\"wp-block-button\"><a class=\"wp-block-button__link wp-element-button\" href=\"https:\/\/amaniabliss.com\/es\/contact\/\">Reservar una sesi\u00f3n<\/a><\/div>\n<\/div>","protected":false},"excerpt":{"rendered":"<p>La communication animale ouvre la voie \u00e0 une \u00e9coute plus profonde et \u00e0 une relation enrichie avec votre animal de compagnie. Elle permet d\u2019entrer en lien avec lui de mani\u00e8re plus consciente, respectueuse et authentique, qu\u2019il s\u2019agisse d\u2019un chien, d\u2019un chat, d\u2019un cheval ou de tout autre \u00eatre sensible. Cette approche repose sur l&rsquo;utilisation de [&hellip;]<\/p>","protected":false},"author":2,"featured_media":523,"parent":0,"menu_order":0,"comment_status":"closed","ping_status":"closed","template":"","meta":{"footnotes":""},"class_list":["post-515","page","type-page","status-publish","has-post-thumbnail","hentry"],"blocksy_meta":[],"_links":{"self":[{"href":"https:\/\/amaniabliss.com\/es\/wp-json\/wp\/v2\/pages\/515","targetHints":{"allow":["GET"]}}],"collection":[{"href":"https:\/\/amaniabliss.com\/es\/wp-json\/wp\/v2\/pages"}],"about":[{"href":"https:\/\/amaniabliss.com\/es\/wp-json\/wp\/v2\/types\/page"}],"author":[{"embeddable":true,"href":"https:\/\/amaniabliss.com\/es\/wp-json\/wp\/v2\/users\/2"}],"replies":[{"embeddable":true,"href":"https:\/\/amaniabliss.com\/es\/wp-json\/wp\/v2\/comments?post=515"}],"version-history":[{"count":21,"href":"https:\/\/amaniabliss.com\/es\/wp-json\/wp\/v2\/pages\/515\/revisions"}],"predecessor-version":[{"id":1130,"href":"https:\/\/amaniabliss.com\/es\/wp-json\/wp\/v2\/pages\/515\/revisions\/1130"}],"wp:featuredmedia":[{"embeddable":true,"href":"https:\/\/amaniabliss.com\/es\/wp-json\/wp\/v2\/media\/523"}],"wp:attachment":[{"href":"https:\/\/amaniabliss.com\/es\/wp-json\/wp\/v2\/media?parent=515"}],"curies":[{"name":"wp","href":"https:\/\/api.w.org\/{rel}","templated":true}]}}