{"id":472,"date":"2023-09-19T20:43:09","date_gmt":"2023-09-19T18:43:09","guid":{"rendered":"https:\/\/amaniabliss.com\/?page_id=472"},"modified":"2025-10-01T16:33:47","modified_gmt":"2025-10-01T14:33:47","slug":"finca-la-pipilacha-animal-communication-holistic-healing","status":"publish","type":"page","link":"https:\/\/amaniabliss.com\/es\/","title":{"rendered":"Comunicaci\u00f3n Animal y Sanacion Energ\u00e9ticas"},"content":{"rendered":"<div class=\"wp-block-columns is-layout-flex wp-container-core-columns-is-layout-28f84493 wp-block-columns-is-layout-flex\">\n<div class=\"wp-block-column is-layout-flow wp-block-column-is-layout-flow\">\n<h5 class=\"wp-block-heading has-text-align-center\" style=\"text-transform:uppercase\"><a href=\"#animal-communication\">Comunicaci\u00f3n Animal<\/a><\/h5>\n\n\n\n<p class=\"has-text-align-center\"><em>C\u00f3mo ayudar a sus animales<\/em><\/p>\n\n\n\n<figure class=\"wp-block-image aligncenter size-full is-resized\"><img loading=\"lazy\" decoding=\"async\" width=\"567\" height=\"567\" src=\"https:\/\/amaniabliss.com\/wp-content\/uploads\/2023\/09\/image-28.png\" alt=\"\" class=\"wp-image-791\" style=\"width:undefinedpx;height:250px\" srcset=\"https:\/\/amaniabliss.com\/wp-content\/uploads\/2023\/09\/image-28.png 567w, https:\/\/amaniabliss.com\/wp-content\/uploads\/2023\/09\/image-28-300x300.png 300w, https:\/\/amaniabliss.com\/wp-content\/uploads\/2023\/09\/image-28-150x150.png 150w\" sizes=\"auto, (max-width: 567px) 100vw, 567px\" \/><\/figure>\n\n\n\n<p class=\"has-text-align-left\">Aqu\u00ed tienes una <strong>hermosa oportunidad <\/strong>de descubrir muchas cosas sobre tu compa\u00f1ero de vida. A trav\u00e9s de este enfoque intuitivo, te acompa\u00f1o a comprender mejor sus necesidades, sus emociones y los posibles bloqueos\nque est\u00e9 atravesando.<br><br>Juntos podemos resolver <strong>los comportamientos que afectan su bienestar<\/strong>y, por extensi\u00f3n, la armon\u00eda de toda la familia. Ofr\u00e9cele a \u00e9l, y tambi\u00e9n a ti mismo,\nuna mejor calidad de vida. <br><\/p>\n\n\n\n<p class=\"has-text-align-left\"><\/p>\n<\/div>\n\n\n\n<div class=\"wp-block-column is-layout-flow wp-block-column-is-layout-flow\">\n<h5 class=\"wp-block-heading has-text-align-center\" style=\"text-transform:uppercase\"><a href=\"#holistic-healing\">Terapias energ\u00e9ticas<\/a><\/h5>\n\n\n\n<p class=\"has-text-align-center\"><em>Cuidarse a s\u00ed mismo<\/em><\/p>\n\n\n\n<figure class=\"wp-block-image aligncenter size-full is-resized\"><img loading=\"lazy\" decoding=\"async\" width=\"706\" height=\"610\" src=\"https:\/\/amaniabliss.com\/wp-content\/uploads\/2023\/09\/image-29.png\" alt=\"\" class=\"wp-image-792\" style=\"width:undefinedpx;height:250px\" srcset=\"https:\/\/amaniabliss.com\/wp-content\/uploads\/2023\/09\/image-29.png 706w, https:\/\/amaniabliss.com\/wp-content\/uploads\/2023\/09\/image-29-300x259.png 300w\" sizes=\"auto, (max-width: 706px) 100vw, 706px\" \/><\/figure>\n\n\n\n<p class=\"has-text-align-left\">Comprometerse con un cuidado energ\u00e9tico es vivir una experiencia profunda y transformadora. Su eficacia en humanos y animales es notable.<\/p>\n\n\n\n<p>Es una manera de retomar el poder sobre la propia salud y el bienestar, liber\u00e1ndose poco a poco de un sistema que no responde plenamente a nuestras necesidades.<\/p>\n\n\n\n<p class=\"has-text-align-left\">Es un acto de conciencia, de autonom\u00eda y de confianza en la capacidad natural del cuerpo y de la mente para reequilibrarse.<\/p>\n<\/div>\n\n\n\n<div class=\"wp-block-column is-layout-flow wp-block-column-is-layout-flow\">\n<h5 class=\"wp-block-heading has-text-align-center\" style=\"text-transform:uppercase\"><a href=\"#finca-la-pipilacha\">Finca la pipilacha<\/a><\/h5>\n\n\n\n<p class=\"has-text-align-center\"><em>Retiro<\/em><\/p>\n\n\n\n<figure class=\"wp-block-image aligncenter size-large is-resized\"><img loading=\"lazy\" decoding=\"async\" width=\"1024\" height=\"768\" src=\"https:\/\/amaniabliss.com\/wp-content\/uploads\/2023\/09\/image-30-1024x768.png\" alt=\"\" class=\"wp-image-794\" style=\"width:undefinedpx;height:250px\" srcset=\"https:\/\/amaniabliss.com\/wp-content\/uploads\/2023\/09\/image-30-1024x768.png 1024w, https:\/\/amaniabliss.com\/wp-content\/uploads\/2023\/09\/image-30-300x225.png 300w, https:\/\/amaniabliss.com\/wp-content\/uploads\/2023\/09\/image-30-768x576.png 768w, https:\/\/amaniabliss.com\/wp-content\/uploads\/2023\/09\/image-30-1536x1152.png 1536w, https:\/\/amaniabliss.com\/wp-content\/uploads\/2023\/09\/image-30-2048x1536.png 2048w\" sizes=\"auto, (max-width: 1024px) 100vw, 1024px\" \/><\/figure>\n\n\n\n<p>\u00ab El Ranchito \u00bb es un espacio creado con amor en La Pipilacha, dedicado a las meditaciones guiadas y a las ceremonias con el esp\u00edritu del fuego.\u2028Es un lugar sagrado, conectado con la Tierra y el Cielo, donde cada elemento invita a la reconexi\u00f3n interior.<\/p>\n\n\n\n<p>Todo est\u00e1 pensado para ofrecer un refugio de paz, propicio al silencio, a la presencia y a la exploraci\u00f3n de uno mismo.<\/p>\n\n\n\n<p>Un espacio donde se puede soltar la mente, enraizarse, abrirse y simplemente ser.<\/p>\n<\/div>\n<\/div>\n\n\n\n<h2 class=\"wp-block-heading\" id=\"animal-communication\" style=\"text-transform:uppercase\">La Comunicaci\u00f3n animal<\/h2>\n\n\n\n<figure class=\"wp-block-image size-large\"><img loading=\"lazy\" decoding=\"async\" width=\"1024\" height=\"638\" src=\"http:\/\/amaniabliss.com\/wp-content\/uploads\/2023\/09\/Amania-Animal-Communicator-Home-Banner-e1696520641875-1024x638.jpg\" alt=\"Amania Animal Communicator Home Banner\" class=\"wp-image-473\" srcset=\"https:\/\/amaniabliss.com\/wp-content\/uploads\/2023\/09\/Amania-Animal-Communicator-Home-Banner-e1696520641875-1024x638.jpg 1024w, https:\/\/amaniabliss.com\/wp-content\/uploads\/2023\/09\/Amania-Animal-Communicator-Home-Banner-e1696520641875-300x187.jpg 300w, https:\/\/amaniabliss.com\/wp-content\/uploads\/2023\/09\/Amania-Animal-Communicator-Home-Banner-e1696520641875-768x478.jpg 768w, https:\/\/amaniabliss.com\/wp-content\/uploads\/2023\/09\/Amania-Animal-Communicator-Home-Banner-e1696520641875.jpg 1150w\" sizes=\"auto, (max-width: 1024px) 100vw, 1024px\" \/><\/figure>\n\n\n\n<p class=\"translation-block\">La comunicaci\u00f3n animal es una pr\u00e1ctica que busca establecer un v\u00ednculo directo, sutil y no verbal entre un ser humano y un animal.<\/p>\n\n\n\n<p>Se basa en la convicci\u00f3n de que los <strong>animales poseen conciencia, emociones<\/strong>y la capacidad de transmitir informaci\u00f3n m\u00e1s all\u00e1 del lenguaje f\u00edsico, especialmente a trav\u00e9s de la telepat\u00eda, la intuici\u00f3n y la percepci\u00f3n energ\u00e9tica.<\/p>\n\n\n\n<p class=\"translation-block\">Este enfoque permite comprender mejor las necesidades profundas del animal, identificar el origen de ciertos comportamientos perturbadores y detectar desequilibrios emocionales o f\u00edsicos.<\/p>\n\n\n\n<p class=\"translation-block\">Abre un espacio de escucha respetuosa donde el animal puede expresarse desde su propia realidad interior, con toda su sensibilidad.<\/p>\n\n\n\n<p class=\"translation-block\">Al facilitar una comunicaci\u00f3n aut\u00e9ntica entre el animal y su humano, esta pr\u00e1ctica fortalece su relaci\u00f3n y favorece una convivencia m\u00e1s armoniosa, basada en la confianza, la benevolencia y la comprensi\u00f3n mutua.<\/p>\n\n\n\n<div class=\"wp-block-group is-nowrap is-layout-flex wp-container-core-group-is-layout-6c531013 wp-block-group-is-layout-flex\">\n<div class=\"wp-block-buttons is-layout-flex wp-block-buttons-is-layout-flex\">\n<div class=\"wp-block-button is-style-outline is-style-outline--1\"><a class=\"wp-block-button__link wp-element-button\" href=\"https:\/\/amaniabliss.com\/es\/animal-communication\/\">M\u00e1s detalles<\/a><\/div>\n<\/div>\n\n\n\n<div class=\"wp-block-buttons is-horizontal is-content-justification-left is-layout-flex wp-container-core-buttons-is-layout-a86bb09c wp-block-buttons-is-layout-flex\">\n<div class=\"wp-block-button\"><a class=\"wp-block-button__link wp-element-button\" href=\"https:\/\/amaniabliss.com\/es\/contact\/#reservations\">Reservar una sesi\u00f3n<\/a><\/div>\n<\/div>\n<\/div>\n\n\n\n<div class=\"wp-block-group is-layout-constrained wp-container-core-group-is-layout-ca0ee0d9 wp-block-group-is-layout-constrained\">\n<p><a href=\"https:\/\/www.youtube.com\/live\/REo1m6j18Fs?si=nFwrPpWr0q5xR1Jj\" target=\"_blank\"><br><img decoding=\"async\" style=\"width:100%; max-width:1000px;\" src=\"https:\/\/amaniabliss.com\/wp-content\/uploads\/2025\/06\/YouTube-Marie-Ange-communication-animale-par-Amania-Bliss-a-decouvrir-play-icon.jpg\" alt=\"Video Thumbnail\"><br><\/a>En este video tuve el placer de ser invitada por Marie-Ange para compartir sobre la Comunicaci\u00f3n Animal. Un intercambio en vivo, en formato de preguntas y respuestas, con participantes que me hicieron preguntas de manera espont\u00e1nea.<\/p>\n\n\n\n<p>Un momento aut\u00e9ntico para descubrir qu\u00e9 es la Comunicaci\u00f3n Animal, c\u00f3mo se practica y lo que puede aportar a nuestros compa\u00f1eros y a nosotros mismos.<\/p>\n<\/div>\n\n\n\n<h2 class=\"wp-block-heading\" id=\"holistic-healing\" style=\"margin-top:var(--wp--preset--spacing--70);margin-bottom:0;text-transform:uppercase\">EL ARTE DE CUIDARSE<\/h2>\n\n\n\n<h2 class=\"wp-block-heading\" style=\"margin-top:0;margin-bottom:var(--wp--preset--spacing--30)\">Terapias Hol\u00edsticas<\/h2>\n\n\n\n<figure class=\"wp-block-image size-large\"><img loading=\"lazy\" decoding=\"async\" width=\"1024\" height=\"530\" src=\"https:\/\/amaniabliss.com\/wp-content\/uploads\/2023\/09\/image-1024x530.png\" alt=\"\" class=\"wp-image-474\" srcset=\"https:\/\/amaniabliss.com\/wp-content\/uploads\/2023\/09\/image-1024x530.png 1024w, https:\/\/amaniabliss.com\/wp-content\/uploads\/2023\/09\/image-300x155.png 300w, https:\/\/amaniabliss.com\/wp-content\/uploads\/2023\/09\/image-768x397.png 768w, https:\/\/amaniabliss.com\/wp-content\/uploads\/2023\/09\/image.png 1216w\" sizes=\"auto, (max-width: 1024px) 100vw, 1024px\" \/><\/figure>\n\n\n\n<p><strong>Todo es energ\u00eda e informaci\u00f3n.\u2028<\/strong><br>A trav\u00e9s de mi capacidad para percibir los desequilibrios sutiles, <strong>acompa\u00f1o al cuerpo en un proceso de armonizaci\u00f3n: <\/strong>alinear las frecuencias, reprogramar las c\u00e9lulas, favorecer la relajaci\u00f3n, la sanaci\u00f3n o la transformaci\u00f3n interior.<\/p>\n\n\n\n<p>Me dejo guiar por las experiencias que la vida me ofrece y por la exploraci\u00f3n interior. Mi comprensi\u00f3n de lo vivo, mi energ\u00eda y mi aptitud para leer lo que se mueve en el otro me han llevado, de manera natural, a crear mi propio enfoque de sanaci\u00f3n.<\/p>\n\n\n\n<p class=\"translation-block\">Como una artista frente a una p\u00e1gina en blanco, observo la trama energ\u00e9tica de la persona hasta que el dibujo aparece y se transforma, con suavidad y precisi\u00f3n. Siempre con profundo respeto por el alma que tengo delante, consciente de que cada destino es sagrado e inviolable.<\/p>\n\n\n\n<p>Cuidarse es una responsabilidad, pero tambi\u00e9n<strong> un viaje alegre hacia uno mismo.<\/strong>Juntos, exploremos lo que significa ser un ser humano alineado, libre y vivo.<\/p>\n\n\n\n<div class=\"wp-block-group is-nowrap is-layout-flex wp-container-core-group-is-layout-6c531013 wp-block-group-is-layout-flex\">\n<div class=\"wp-block-buttons is-layout-flex wp-block-buttons-is-layout-flex\">\n<div class=\"wp-block-button is-style-outline is-style-outline--2\"><a class=\"wp-block-button__link wp-element-button\" href=\"https:\/\/amaniabliss.com\/es\/holistic-healing\/\">M\u00e1s detalles<\/a><\/div>\n<\/div>\n\n\n\n<div class=\"wp-block-buttons is-horizontal is-content-justification-left is-layout-flex wp-container-core-buttons-is-layout-a86bb09c wp-block-buttons-is-layout-flex\">\n<div class=\"wp-block-button\"><a class=\"wp-block-button__link wp-element-button\" href=\"https:\/\/amaniabliss.com\/es\/contact\/#reservations\">Reservar una sesi\u00f3n<\/a><\/div>\n<\/div>\n<\/div>\n\n\n\n<h2 class=\"wp-block-heading\" id=\"finca-la-pipilacha\">FINCA LA PIPILACHA<br>Retiro<\/h2>\n\n\n\n<figure class=\"wp-block-image size-large\"><img loading=\"lazy\" decoding=\"async\" width=\"1024\" height=\"547\" src=\"https:\/\/amaniabliss.com\/wp-content\/uploads\/2023\/09\/image-1-1024x547.png\" alt=\"\" class=\"wp-image-475\" srcset=\"https:\/\/amaniabliss.com\/wp-content\/uploads\/2023\/09\/image-1-1024x547.png 1024w, https:\/\/amaniabliss.com\/wp-content\/uploads\/2023\/09\/image-1-300x160.png 300w, https:\/\/amaniabliss.com\/wp-content\/uploads\/2023\/09\/image-1-768x410.png 768w, https:\/\/amaniabliss.com\/wp-content\/uploads\/2023\/09\/image-1.png 1276w\" sizes=\"auto, (max-width: 1024px) 100vw, 1024px\" \/><\/figure>\n\n\n\n<p class=\"translation-block\">Tambi\u00e9n te ofrezco la posibilidad de vivir una experiencia \u00edntima en plena naturaleza en Costa Rica.<\/p>\n\n\n\n<p>\u00bfAnhelas transformar tu realidad? \u00bfCuidarte en profundidad? \u00bfVivir un verdadero viaje interior bajo los tr\u00f3picos?\u2028<\/p>\n\n\n\n<p>Bienvenido a La Pipilacha, en el coraz\u00f3n de Costa Rica, una tierra que adopt\u00e9 hace ya 15 a\u00f1os.<\/p>\n\n\n\n<p class=\"translation-block\">Este lugar me revel\u00f3 a m\u00ed misma. Con el tiempo me transmiti\u00f3 su magia, su sabidur\u00eda, su amor incondicional por lo vivo y su extraordinaria capacidad de adaptaci\u00f3n. Aqu\u00ed, la naturaleza es gu\u00eda, espejo y sanadora.<\/p>\n\n\n\n<p class=\"translation-block\">La Pipilacha es un espacio de conexi\u00f3n, de regeneraci\u00f3n y de paz. Cada persona recibe aqu\u00ed lo que necesita, a su propio ritmo y en el respeto de su camino.<\/p>\n\n\n\n<p>Te recibo con pr\u00e1cticas y terapias para acompa\u00f1arte en tu transformaci\u00f3n, sea f\u00edsica, emocional, energ\u00e9tica o espiritual.<\/p>\n\n\n\n<ul class=\"wp-block-list\">\n<li>Sanaciones hol\u00edsticas<\/li>\n\n\n\n<li>Meditaciones guiadas<\/li>\n\n\n\n<li>Conexi\u00f3n con los esp\u00edritus de la naturaleza<\/li>\n\n\n\n<li>Aromaterapia intuitiva<\/li>\n<\/ul>\n\n\n\n<div class=\"wp-block-buttons alignwide is-content-justification-center is-layout-flex wp-container-core-buttons-is-layout-a89b3969 wp-block-buttons-is-layout-flex\">\n<div class=\"wp-block-button\"><a class=\"wp-block-button__link has-text-align-center wp-element-button\" href=\"https:\/\/amaniabliss.com\/es\/contact\/\">Cont\u00e1cteme<\/a><\/div>\n<\/div>\n\n\n\n<hr class=\"wp-block-separator has-alpha-channel-opacity is-style-wide\"\/>\n\n\n\n<div class=\"wp-block-group is-layout-constrained wp-container-core-group-is-layout-41c06ba8 wp-block-group-is-layout-constrained\">\n<h2 class=\"wp-block-heading has-text-align-center\">miniMedit<\/h2>\n\n\n\n<p>He creado esta serie \u00abminiMedit\u00bb: peque\u00f1as meditaciones accesibles para todas y todos. Cada una dura menos de dos minutos, pero guarda la fuerza de un instante sagrado.<\/p>\n\n\n\n<p>Son un refugio para quienes se encuentran en medio del caos cotidiano, en una situaci\u00f3n de emergencia o en un lugar poco propicio para el silencio. En cualquier momento, puedes detenerte y regalarte un soplo de paz\u2026 aunque el mundo siga girando.<\/p>\n\n\n\n<p>\u00abMiniMedit\u00bb es la invitaci\u00f3n a volver al centro, a recordar que la calma siempre vive dentro de ti.<\/p>\n\n\n\n<p><em>En espa\u00f1ol; subt\u00edtulos autom\u00e1ticos en franc\u00e9s disponibles.<\/em><\/p>\n\n\n\n<figure class=\"wp-block-embed is-type-video is-provider-youtube wp-block-embed-youtube wp-embed-aspect-16-9 wp-has-aspect-ratio\"><div class=\"wp-block-embed__wrapper\">\n<iframe loading=\"lazy\" title=\"Espuma\" width=\"1000\" height=\"563\" src=\"https:\/\/www.youtube.com\/embed\/6KcdQxU1Nxc?list=PLf9x33u5LU3ym4CWm-6P1A9klMx5TwoK9\" frameborder=\"0\" allow=\"accelerometer; autoplay; clipboard-write; encrypted-media; gyroscope; picture-in-picture; web-share\" referrerpolicy=\"strict-origin-when-cross-origin\" allowfullscreen><\/iframe>\n<\/div><\/figure>\n<\/div>","protected":false},"excerpt":{"rendered":"<p>Communication AnimalE Comment aider vos animaux Voici une belle opportunit\u00e9 de d\u00e9couvrir de nombreuses choses sur votre compagnon de vie. Gr\u00e2ce \u00e0 cette approche intuitive, je vous accompagne pour mieux comprendre ses besoins, ses \u00e9motions, et les \u00e9ventuels blocages qu\u2019il traverse. Ensemble, nous pouvons r\u00e9soudre les comportements qui nuisent \u00e0 son bien-\u00eatre, et par extension, [&hellip;]<\/p>","protected":false},"author":2,"featured_media":676,"parent":0,"menu_order":0,"comment_status":"closed","ping_status":"closed","template":"","meta":{"footnotes":""},"class_list":["post-472","page","type-page","status-publish","has-post-thumbnail","hentry"],"blocksy_meta":{"has_hero_section":"default","hero_section":"type-2","hero_elements":[{"id":"custom_title","enabled":true,"heading_tag":"h1","title":"Home","__id":"OsaCnr0Zp5o5zPTZvTSVk"},{"id":"custom_description","enabled":true,"description_visibility":{"desktop":true,"tablet":true,"mobile":false},"__id":"BpKV-KWYdNsZSTej3cGgp"},{"id":"custom_meta","enabled":false,"meta_elements":[{"id":"author","enabled":true,"label":"By","has_author_avatar":"yes","avatar_size":25},{"id":"post_date","enabled":true,"label":"On","date_format_source":"default","date_format":"M j, Y"},{"id":"updated_date","enabled":false,"label":"On","date_format_source":"default","date_format":"M j, Y"},{"id":"categories","enabled":false,"label":"In","style":"simple"},{"id":"comments","enabled":true}],"page_meta_elements":{"joined":true,"articles_count":true,"comments":true},"__id":"cQfZF57vqRgbgbTvDjwDN"},{"id":"breadcrumbs","enabled":false,"__id":"jkhIF5b_aoo1e4XrYP1GJ"}],"pageTitleOverlay":{"background_type":"color","background_pattern":"type-1","background_image":{"attachment_id":null,"x":0,"y":0},"gradient":"linear-gradient(135deg,rgba(6,147,227,1) 0%,rgb(155,81,224) 100%)","background_repeat":"repeat","background_size":"auto","background_attachment":"scroll","patternColor":{"default":{"color":"#e5e7ea"}},"overlayColor":{"default":{"color":"CT_CSS_SKIP_RULE"}},"backgroundColor":{"default":{"color":"rgba(18, 20, 26, 0.14)"}}},"pageTitleFont":{"family":"Default","variation":"Default","size":{"desktop":"49px","tablet":"49px","mobile":"49px","__changed":["mobile"]},"line-height":"CT_CSS_SKIP_RULE","letter-spacing":"CT_CSS_SKIP_RULE","text-transform":"CT_CSS_SKIP_RULE","text-decoration":"CT_CSS_SKIP_RULE"},"hero_height":{"desktop":"600px","tablet":"600px","mobile":"250px","__changed":["mobile"]}},"_links":{"self":[{"href":"https:\/\/amaniabliss.com\/es\/wp-json\/wp\/v2\/pages\/472","targetHints":{"allow":["GET"]}}],"collection":[{"href":"https:\/\/amaniabliss.com\/es\/wp-json\/wp\/v2\/pages"}],"about":[{"href":"https:\/\/amaniabliss.com\/es\/wp-json\/wp\/v2\/types\/page"}],"author":[{"embeddable":true,"href":"https:\/\/amaniabliss.com\/es\/wp-json\/wp\/v2\/users\/2"}],"replies":[{"embeddable":true,"href":"https:\/\/amaniabliss.com\/es\/wp-json\/wp\/v2\/comments?post=472"}],"version-history":[{"count":87,"href":"https:\/\/amaniabliss.com\/es\/wp-json\/wp\/v2\/pages\/472\/revisions"}],"predecessor-version":[{"id":1152,"href":"https:\/\/amaniabliss.com\/es\/wp-json\/wp\/v2\/pages\/472\/revisions\/1152"}],"wp:featuredmedia":[{"embeddable":true,"href":"https:\/\/amaniabliss.com\/es\/wp-json\/wp\/v2\/media\/676"}],"wp:attachment":[{"href":"https:\/\/amaniabliss.com\/es\/wp-json\/wp\/v2\/media?parent=472"}],"curies":[{"name":"wp","href":"https:\/\/api.w.org\/{rel}","templated":true}]}}