{"id":671,"date":"2023-09-22T19:20:45","date_gmt":"2023-09-22T17:20:45","guid":{"rendered":"https:\/\/amaniabliss.com\/?page_id=671"},"modified":"2025-06-16T14:41:20","modified_gmt":"2025-06-16T12:41:20","slug":"about-me","status":"publish","type":"page","link":"https:\/\/amaniabliss.com\/en\/about-me\/","title":{"rendered":"About Me"},"content":{"rendered":"<h3 class=\"wp-block-heading has-text-align-left\">If I had to define myself in two words: a mystical adventurer.<\/h3>\n\n\n\n<figure class=\"wp-block-image size-large\"><img loading=\"lazy\" decoding=\"async\" width=\"1024\" height=\"683\" src=\"https:\/\/amaniabliss.com\/wp-content\/uploads\/2025\/06\/image-1-1024x683.png\" alt=\"\" class=\"wp-image-997\" srcset=\"https:\/\/amaniabliss.com\/wp-content\/uploads\/2025\/06\/image-1-1024x683.png 1024w, https:\/\/amaniabliss.com\/wp-content\/uploads\/2025\/06\/image-1-300x200.png 300w, https:\/\/amaniabliss.com\/wp-content\/uploads\/2025\/06\/image-1-768x512.png 768w, https:\/\/amaniabliss.com\/wp-content\/uploads\/2025\/06\/image-1-1536x1025.png 1536w, https:\/\/amaniabliss.com\/wp-content\/uploads\/2025\/06\/image-1-2048x1366.png 2048w, https:\/\/amaniabliss.com\/wp-content\/uploads\/2025\/06\/image-1-18x12.png 18w\" sizes=\"auto, (max-width: 1024px) 100vw, 1024px\" \/><\/figure>\n\n\n\n<p class=\"has-text-align-left\">Today, I practice animal communication and offer energy healing. Yet, this was not the path I had imagined at first. Life gently guided me here, step by step, almost without me realizing, but always with infinite kindness.<\/p>\n\n\n\n<p>Since childhood, I have always been very creative. School bored me deeply. So, taking advantage of the family turmoil, I left school at 16 to start working. Naturally independent, I tried to carve my path in a world I didn\u2019t understand.<\/p>\n\n\n\n<figure class=\"wp-block-image aligncenter is-resized\"><img decoding=\"async\" src=\"http:\/\/amaniabliss.com\/wp-content\/uploads\/2018\/12\/IMG_7564-2.jpeg\" alt=\"\" style=\"aspect-ratio:16\/9;object-fit:cover;width:500px;height:undefinedpx\"\/><\/figure>\n\n\n\n<p>One day, on a whim, I decided to take the entrance exam for the Beaux-Arts of Paris. I didn\u2019t really believe I would pass, and to everyone\u2019s surprise, I did. Even today, I can say that art and creation saved me. For the first time, I found myself in an environment that resonated with me, that nourished my soul. Even if people sometimes found me strange, it was tolerated: \u201cAh, she\u2019s an artist!\u201d<\/p>\n\n\n\n<p>Then, strange events began to occur. Until I was forced to seek help: my perceptions were opening, but at that time my vibration was drawing me toward disturbing things.<\/p>\n\n\n\n<p>That\u2019s when I met Paul. He took care of me. And then it was like fireworks. Expansions of consciousness, doors opening, and my initiatory path beginning. I was no longer alone. Mother Meera was also with me, through silent, telepathic communication.<\/p>\n\n\n\n<p>I didn\u2019t always understand what was happening. Part of me found it very natural, while another part felt very destabilized.<\/p>\n\n\n\n<p>I was 20, and all I wanted was to discover the mysteries of life. With every journey, a piece of the puzzle was revealed: Polynesia, India, Mongolia, Mexico. Each of these places marked me deeply.\u2028&nbsp;<\/p>\n\n\n\n<p>I reconnected with memories of past lives, I met my spirit animal again. I saw myself as a shaman or healer in different cultures, in lives that were not always bright. So I had to cleanse all of that, in depth.&nbsp;<\/p>\n\n\n\n<p>Then I met Don Patricio, a \u201cHuichol Grand-Father,\u201d whom I followed for three years, in France and in Mexico, where I took part in a pilgrimage in the Wirikuta desert. It was during that pilgrimage, on top of a pyramid, that I had one of my greatest mystical experiences.<\/p>\n\n\n\n<p>Art, travel, experiences\u2026 all of it was intense, abundant. But my boat was not taking off. I was struggling as an artist. My gap with the world kept growing. I didn\u2019t know how to adapt. My stories were beautiful but brief. They did not take root in matter.<\/p>\n\n\n\n<p class=\"has-text-align-left\">And then, my father died. I was in my forties. Strangely, I felt something opening. Like a passage. Like a gift. A page was turning, another one could be written. I didn\u2019t want to fight anymore, I wanted to build.<\/p>\n\n\n\n<p class=\"has-text-align-left\">I went in search of my place. The one where my soul could fully unfold. I needed nature, wild life. And here I am in Costa Rica.<\/p>\n\n\n\n<figure class=\"wp-block-image size-large\"><img loading=\"lazy\" decoding=\"async\" width=\"1024\" height=\"610\" src=\"https:\/\/amaniabliss.com\/wp-content\/uploads\/2025\/06\/image-1024x610.png\" alt=\"\" class=\"wp-image-996\" srcset=\"https:\/\/amaniabliss.com\/wp-content\/uploads\/2025\/06\/image-1024x610.png 1024w, https:\/\/amaniabliss.com\/wp-content\/uploads\/2025\/06\/image-300x179.png 300w, https:\/\/amaniabliss.com\/wp-content\/uploads\/2025\/06\/image-768x458.png 768w, https:\/\/amaniabliss.com\/wp-content\/uploads\/2025\/06\/image-1536x915.png 1536w, https:\/\/amaniabliss.com\/wp-content\/uploads\/2025\/06\/image-2048x1221.png 2048w, https:\/\/amaniabliss.com\/wp-content\/uploads\/2025\/06\/image-18x12.png 18w\" sizes=\"auto, (max-width: 1024px) 100vw, 1024px\" \/><\/figure>\n\n\n\n<div class=\"wp-block-columns is-layout-flex wp-container-core-columns-is-layout-28f84493 wp-block-columns-is-layout-flex\">\n<div class=\"wp-block-column is-layout-flow wp-block-column-is-layout-flow\">\n<figure class=\"wp-block-image size-full\"><img loading=\"lazy\" decoding=\"async\" width=\"349\" height=\"592\" src=\"https:\/\/amaniabliss.com\/wp-content\/uploads\/2025\/06\/image-2.png\" alt=\"\" class=\"wp-image-998\" srcset=\"https:\/\/amaniabliss.com\/wp-content\/uploads\/2025\/06\/image-2.png 349w, https:\/\/amaniabliss.com\/wp-content\/uploads\/2025\/06\/image-2-177x300.png 177w, https:\/\/amaniabliss.com\/wp-content\/uploads\/2025\/06\/image-2-7x12.png 7w\" sizes=\"auto, (max-width: 349px) 100vw, 349px\" \/><\/figure>\n<\/div>\n\n\n\n<div class=\"wp-block-column is-layout-flow wp-block-column-is-layout-flow\">\n<p>It was a \"Bovo,\" a multicolored bird, that delivered the message. One day, during a walk, I sat down for a moment. In front of me, on a rock, a sunbeam illuminated a feather, lying there like an offering. It was magical. Later I learned that the male leaves a feather to show the female where to build the nest. I was moved to tears.<\/p>\n<\/div>\n<\/div>\n\n\n\n<p>Since then, animal communication has become essential. Living in the heart of nature reconnected me to my own nature: complex, rich, full of mysteries, like a forest, like the feminine.<\/p>\n\n\n\n<p>And then came the sad news, both painful and profound: my horse, \u201cBeso de Caramelo.\u201d One of the most precious beings in my life.&nbsp;<\/p>\n\n\n\n<p>He suddenly fell ill, and there was nothing I could do. I had to make the decision to euthanize him. It was unbearable, but seeing him suffer was even worse. I told him, \u201cI'll be with you. Tell me when you're ready.\u201d One day, he looked at me deeply. A sad but peaceful look: \u201cI'm ready.\u201d<\/p>\n\n\n\n<p>That day, as if by magic, a group of friends came to visit me. One by one, Beso came to say goodbye to them. It was heartbreaking in its beauty. A perfect farewell.&nbsp;<\/p>\n\n\n\n<p>But on the final day, nothing happened as expected. A mistake by the vet, destiny, who knows. I will never forget that look, this noble animal lying on the ground, probably given too weak a dose to let him go. His eyes locked on mine, full of incomprehension. Even when the being is ready to leave, the impulse of life is so strong, every second was burning me. I was devastated.<\/p>\n\n\n\n<p>It took me months to recover. Tiago, my other horse, too. The pain in me was so strong that I didn\u2019t dare talk about it. Who could have understood?\u2028<\/p>\n\n\n\n<p>Then came this strange, immense feeling. As if I had lost \u201cthe love of my life.\u201d Irrational? Maybe. But that\u2019s how I felt. And in that heartbreak, something revealed itself: a new capacity, the ability to receive and hold unconditional love. To the point of making every fiber of my being vibrated.<\/p>\n\n\n\n<p>It is this open heart, this expanding vessel, that I now offer in my healing work. It is my main tool. And this is only the beginning.<\/p>\n\n\n\n<h4 class=\"wp-block-heading has-text-align-center\"><a href=\"https:\/\/amaniabliss.com\/en\/animal-communication\/\" data-type=\"page\" data-id=\"515\">About animal\u00a0communication<\/a><\/h4>\n\n\n\n<h4 class=\"wp-block-heading has-text-align-center\"><a href=\"https:\/\/amaniabliss.com\/en\/holistic-healing\/\" data-type=\"page\" data-id=\"486\">Find out what I can do for humans<\/a><\/h4>\n\n\n\n<h4 class=\"wp-block-heading has-text-align-center\"><a href=\"https:\/\/amaniabliss.com\/en\/contact\/\" data-type=\"page\" data-id=\"538\">Contact me directly<\/a><\/h4>\n\n\n\n<figure class=\"wp-block-embed is-type-video is-provider-youtube wp-block-embed-youtube wp-embed-aspect-16-9 wp-has-aspect-ratio\"><div class=\"wp-block-embed__wrapper\">\n<iframe loading=\"lazy\" title=\"FINCA LA PIPILACHA\" width=\"1000\" height=\"563\" src=\"https:\/\/www.youtube.com\/embed\/SzMvIEjqlyY?start=6&#038;feature=oembed\" frameborder=\"0\" allow=\"accelerometer; autoplay; clipboard-write; encrypted-media; gyroscope; picture-in-picture; web-share\" referrerpolicy=\"strict-origin-when-cross-origin\" allowfullscreen><\/iframe>\n<\/div><\/figure>","protected":false},"excerpt":{"rendered":"<p>Si je devais me d\u00e9finir en deux mots : une aventureuse mystique. Aujourd\u2019hui, je pratique la communication animale et je donne des soins \u00e9nerg\u00e9tiques. Pourtant, ce n\u2019est pas le chemin que j\u2019avais imagin\u00e9 au d\u00e9part. C\u2019est la vie qui m\u2019a doucement guid\u00e9e jusque-l\u00e0, \u00e0 pas feutr\u00e9s, un peu \u00e0 mon insu, mais avec une bienveillance [&hellip;]<\/p>","protected":false},"author":2,"featured_media":18,"parent":0,"menu_order":0,"comment_status":"closed","ping_status":"closed","template":"","meta":{"footnotes":""},"class_list":["post-671","page","type-page","status-publish","has-post-thumbnail","hentry"],"blocksy_meta":{"page_structure_type":"type-3","styles_descriptor":{"styles":{"desktop":"","tablet":"","mobile":""},"google_fonts":[],"version":6}},"_links":{"self":[{"href":"https:\/\/amaniabliss.com\/en\/wp-json\/wp\/v2\/pages\/671","targetHints":{"allow":["GET"]}}],"collection":[{"href":"https:\/\/amaniabliss.com\/en\/wp-json\/wp\/v2\/pages"}],"about":[{"href":"https:\/\/amaniabliss.com\/en\/wp-json\/wp\/v2\/types\/page"}],"author":[{"embeddable":true,"href":"https:\/\/amaniabliss.com\/en\/wp-json\/wp\/v2\/users\/2"}],"replies":[{"embeddable":true,"href":"https:\/\/amaniabliss.com\/en\/wp-json\/wp\/v2\/comments?post=671"}],"version-history":[{"count":12,"href":"https:\/\/amaniabliss.com\/en\/wp-json\/wp\/v2\/pages\/671\/revisions"}],"predecessor-version":[{"id":1052,"href":"https:\/\/amaniabliss.com\/en\/wp-json\/wp\/v2\/pages\/671\/revisions\/1052"}],"wp:featuredmedia":[{"embeddable":true,"href":"https:\/\/amaniabliss.com\/en\/wp-json\/wp\/v2\/media\/18"}],"wp:attachment":[{"href":"https:\/\/amaniabliss.com\/en\/wp-json\/wp\/v2\/media?parent=671"}],"curies":[{"name":"wp","href":"https:\/\/api.w.org\/{rel}","templated":true}]}}